{"id":104,"date":"2025-03-08T08:24:20","date_gmt":"2025-03-08T07:24:20","guid":{"rendered":"http:\/\/philosophieaction.com\/?page_id=104"},"modified":"2025-09-17T13:23:53","modified_gmt":"2025-09-17T11:23:53","slug":"objectifs-pedagogique-projet-ensiegnement","status":"publish","type":"page","link":"https:\/\/philosophieaction.com\/?page_id=104","title":{"rendered":"Methodologie"},"content":{"rendered":"\n<p>La d\u00e9mocratie creative et participative, un \u00e9cosyst\u00e8me acteur de liens et de mutualisation des savoirs et des comp\u00e9tences. Comment se retrouver dans un monde en perp\u00e9tuelle transformation?<\/p>\n\n\n\n<figure class=\"wp-block-image size-large\"><img alt=\"\" loading=\"lazy\" decoding=\"async\" width=\"1024\" height=\"685\" src=\"http:\/\/philosophieaction.com\/wp-content\/uploads\/2025\/03\/82F46B24-1D56-46D8-B653-B02E50783749-1024x685.jpeg\" alt=\"\" class=\"wp-image-177\" srcset=\"https:\/\/philosophieaction.com\/wp-content\/uploads\/2025\/03\/82F46B24-1D56-46D8-B653-B02E50783749-1024x685.jpeg 1024w, https:\/\/philosophieaction.com\/wp-content\/uploads\/2025\/03\/82F46B24-1D56-46D8-B653-B02E50783749-300x201.jpeg 300w, https:\/\/philosophieaction.com\/wp-content\/uploads\/2025\/03\/82F46B24-1D56-46D8-B653-B02E50783749-768x514.jpeg 768w, https:\/\/philosophieaction.com\/wp-content\/uploads\/2025\/03\/82F46B24-1D56-46D8-B653-B02E50783749.jpeg 1280w\" sizes=\"auto, (max-width: 1024px) 100vw, 1024px\" \/><\/figure>\n\n\n\n<h1 class=\"wp-block-heading alignwide has-xx-large-font-size\" style=\"line-height:1.2\">\u00ab\u00a0 J\u2019aimerais te parler de ce qu\u2019on fait \u00e0 l\u2019universit\u00e9 Paris 7, je veux bien en parler et en dire deux mots tout \u00e0 l\u2019heure, mais il me semble quand m\u00eame prioritaire et plus urgent que nous fassions connaissance. J\u2019aimerais savoir qui nous sommes et si nous pouvons en effet participer \u00e0 la cr\u00e9ation d\u2019une association. J\u2019entends dans ta lettre quand m\u00eame qu\u2019il faudrait participer par ce statut, par ce travail, il me semble quand m\u00eame prioritaire de discuter de cette association puisque nous sommes entre nous maintenant, en petit nombre\u00bb\u00a0.<\/h1>\n\n\n\n<p>Francois Chouquet<\/p>\n\n\n\n<p><a href=\"https:\/\/www.sonorevisuelconcept.com\/francois-chouquet\/amp\/\">Biographie par lui m\u00eame <\/a><\/p>\n\n\n\n<figure class=\"wp-block-gallery has-nested-images columns-default is-cropped wp-block-gallery-1 is-layout-flex wp-block-gallery-is-layout-flex\">\n<figure class=\"wp-block-image size-large\"><a href=\"https:\/\/www.jackguichard.fr\"><img alt=\"\" loading=\"lazy\" decoding=\"async\" width=\"300\" height=\"61\" data-id=\"178\" src=\"http:\/\/philosophieaction.com\/wp-content\/uploads\/2025\/03\/logojack1-1.jpg\" alt=\"\" class=\"wp-image-178\"\/><\/a><\/figure>\n<\/figure>\n\n\n\n<h2 class=\"wp-block-heading\">La d\u00e9marche scientifique:<\/h2>\n\n\n\n<p>Elaborer<\/p>\n\n\n\n<p>Rem\u00e9morer <\/p>\n\n\n\n<p>Theoriser<\/p>\n\n\n\n<p>Transmettre<\/p>\n\n\n\n<figure class=\"wp-block-image size-full\"><a href=\"https:\/\/www.leblogdagathe.fr\"><img alt=\"\" loading=\"lazy\" decoding=\"async\" width=\"800\" height=\"527\" src=\"http:\/\/philosophieaction.com\/wp-content\/uploads\/2025\/03\/Salon_de_Madame_Geoffrin-1.jpg\" alt=\"\" class=\"wp-image-107\" srcset=\"https:\/\/philosophieaction.com\/wp-content\/uploads\/2025\/03\/Salon_de_Madame_Geoffrin-1.jpg 800w, https:\/\/philosophieaction.com\/wp-content\/uploads\/2025\/03\/Salon_de_Madame_Geoffrin-1-300x198.jpg 300w, https:\/\/philosophieaction.com\/wp-content\/uploads\/2025\/03\/Salon_de_Madame_Geoffrin-1-768x506.jpg 768w\" sizes=\"auto, (max-width: 800px) 100vw, 800px\" \/><\/a><\/figure>\n\n\n\n<h2 class=\"wp-block-heading\">S&rsquo;incarnant  dans notre quotidien, elle s&rsquo;allie \u00e0 notre r\u00e9flexion, visant \u00e0 :<\/h2>\n\n\n\n<p>Connaitre <\/p>\n\n\n\n<p>Definir<\/p>\n\n\n\n<p>Restituer<\/p>\n\n\n\n<p>Distribuer<\/p>\n\n\n\n<figure class=\"wp-block-image size-full\"><a href=\"https:\/\/naulimus.org\"><img alt=\"\" loading=\"lazy\" decoding=\"async\" width=\"256\" height=\"197\" src=\"http:\/\/philosophieaction.com\/wp-content\/uploads\/2025\/03\/naulimus.jpeg\" alt=\"\" class=\"wp-image-137\"\/><\/a><\/figure>\n\n\n\n<figure class=\"wp-block-image size-full is-resized\"><img alt=\"\" loading=\"lazy\" decoding=\"async\" width=\"491\" height=\"401\" src=\"http:\/\/philosophieaction.com\/wp-content\/uploads\/2025\/03\/Emmanuel-Kant-et-ses-invites-Wikimedia-Commons.gif\" alt=\"\" class=\"wp-image-108\" style=\"width:395px;height:auto\"\/><\/figure>\n\n\n\n<h2 class=\"wp-block-heading\">Ensemble par le partage et  la coop\u00e9ration incarnons l&rsquo;\u00e9cosyst\u00e8me citoyen dans l&rsquo;ing\u00e9nierie du lien : <\/h2>\n\n\n\n<p>Acteurs<\/p>\n\n\n\n<p>Chercheurs<\/p>\n\n\n\n<p>Cr\u00e9ateurs<\/p>\n\n\n\n<p>Animateurs<\/p>\n\n\n\n<p>Partenaires<\/p>\n\n\n\n<p>Catalyseurs<\/p>\n\n\n\n<p>Relieurs<\/p>\n\n\n\n<h2 class=\"wp-block-heading\">Dans notre qu\u00eate individuelle, dans la formation et le d\u00e9veloppement de notre pens\u00e9e construisent notre identit\u00e9<\/h2>\n\n\n\n<figure class=\"wp-block-image size-full\"><a href=\"https:\/\/www.groupement-intensite.com\/evenements\"><img alt=\"\" loading=\"lazy\" decoding=\"async\" width=\"305\" height=\"340\" src=\"http:\/\/philosophieaction.com\/wp-content\/uploads\/2025\/03\/QUIZ_Un-quiz-pour-reviser-ses-connaissances-en-philosop_8136-copie.jpg\" alt=\"\" class=\"wp-image-111\" srcset=\"https:\/\/philosophieaction.com\/wp-content\/uploads\/2025\/03\/QUIZ_Un-quiz-pour-reviser-ses-connaissances-en-philosop_8136-copie.jpg 305w, https:\/\/philosophieaction.com\/wp-content\/uploads\/2025\/03\/QUIZ_Un-quiz-pour-reviser-ses-connaissances-en-philosop_8136-copie-269x300.jpg 269w\" sizes=\"auto, (max-width: 305px) 100vw, 305px\" \/><\/a><\/figure>\n\n\n\n<blockquote class=\"wp-block-quote is-layout-flow wp-block-quote-is-layout-flow\">\n<p>La science n&rsquo;a pas de patrie, parce que le savoir est le patrimoine de l&rsquo;humanit\u00e9, le flambeau qui \u00e9claire le monde. <\/p>\n\n\n\n<p>Louis Pasteur<br><\/p>\n<\/blockquote>\n\n\n\n<figure class=\"wp-block-image size-large\"><a href=\"https:\/\/www.academie-francaise.fr\"><img alt=\"\" loading=\"lazy\" decoding=\"async\" width=\"1024\" height=\"797\" src=\"http:\/\/philosophieaction.com\/wp-content\/uploads\/2025\/03\/les-sept-arts-liberaux-rhetorique-miniature-du-xiiie-siecle-lorsqu-un-enseignant-est-l-enseignement-d-une-classe-chateau-de-chantilly-la-france-p4xnk5-1024x797.jpg\" alt=\"\" class=\"wp-image-115\" srcset=\"https:\/\/philosophieaction.com\/wp-content\/uploads\/2025\/03\/les-sept-arts-liberaux-rhetorique-miniature-du-xiiie-siecle-lorsqu-un-enseignant-est-l-enseignement-d-une-classe-chateau-de-chantilly-la-france-p4xnk5-1024x797.jpg 1024w, https:\/\/philosophieaction.com\/wp-content\/uploads\/2025\/03\/les-sept-arts-liberaux-rhetorique-miniature-du-xiiie-siecle-lorsqu-un-enseignant-est-l-enseignement-d-une-classe-chateau-de-chantilly-la-france-p4xnk5-300x234.jpg 300w, https:\/\/philosophieaction.com\/wp-content\/uploads\/2025\/03\/les-sept-arts-liberaux-rhetorique-miniature-du-xiiie-siecle-lorsqu-un-enseignant-est-l-enseignement-d-une-classe-chateau-de-chantilly-la-france-p4xnk5-768x598.jpg 768w, https:\/\/philosophieaction.com\/wp-content\/uploads\/2025\/03\/les-sept-arts-liberaux-rhetorique-miniature-du-xiiie-siecle-lorsqu-un-enseignant-est-l-enseignement-d-une-classe-chateau-de-chantilly-la-france-p4xnk5.jpg 1300w\" sizes=\"auto, (max-width: 1024px) 100vw, 1024px\" \/><\/a><\/figure>\n\n\n\n<p>Les sept arts lib\u00e9raux rh\u00e9torique. <\/p>\n\n\n\n<p>Miniature du xiiie si\u00e8cle, lorsqu&rsquo;un enseignant est l&rsquo;enseignement d&rsquo;une classe. Chateau de Chantilly. La France.<\/p>\n\n\n\n<p><\/p>\n","protected":false},"excerpt":{"rendered":"<p>La d\u00e9mocratie creative et participative, un \u00e9cosyst\u00e8me acteur de liens et de mutualisation des savoirs et des comp\u00e9tences. Comment se retrouver dans un monde en perp\u00e9tuelle transformation? \u00ab\u00a0 J\u2019aimerais te parler de ce qu\u2019on fait \u00e0 l\u2019universit\u00e9 Paris 7, je veux bien en parler et en dire deux mots tout \u00e0 l\u2019heure, mais il me [&hellip;]<\/p>\n","protected":false},"author":1,"featured_media":0,"parent":0,"menu_order":0,"comment_status":"closed","ping_status":"closed","template":"","meta":{"_seopress_robots_primary_cat":"","_seopress_titles_title":"","_seopress_titles_desc":"","_seopress_robots_index":"","_monsterinsights_skip_tracking":false,"_monsterinsights_sitenote_active":false,"_monsterinsights_sitenote_note":"","_monsterinsights_sitenote_category":0,"_uf_show_specific_survey":0,"_uf_disable_surveys":false,"footnotes":""},"class_list":["post-104","page","type-page","status-publish","hentry"],"aioseo_notices":[],"yoast_head":"<!-- This site is optimized with the Yoast SEO plugin v26.2 - https:\/\/yoast.com\/wordpress\/plugins\/seo\/ -->\n<title>Methodologie - Philosophieaction<\/title>\n<meta name=\"robots\" content=\"index, follow, max-snippet:-1, max-image-preview:large, max-video-preview:-1\" \/>\n<link rel=\"canonical\" href=\"https:\/\/philosophieaction.com\/?page_id=104\" \/>\n<meta property=\"og:locale\" content=\"fr_FR\" \/>\n<meta property=\"og:type\" content=\"article\" \/>\n<meta property=\"og:title\" content=\"Methodologie - Philosophieaction\" \/>\n<meta property=\"og:description\" content=\"La d\u00e9mocratie creative et participative, un \u00e9cosyst\u00e8me acteur de liens et de mutualisation des savoirs et des comp\u00e9tences. Comment se retrouver dans un monde en perp\u00e9tuelle transformation? \u00ab\u00a0 J\u2019aimerais te parler de ce qu\u2019on fait \u00e0 l\u2019universit\u00e9 Paris 7, je veux bien en parler et en dire deux mots tout \u00e0 l\u2019heure, mais il me [&hellip;]\" \/>\n<meta property=\"og:url\" content=\"https:\/\/philosophieaction.com\/?page_id=104\" \/>\n<meta property=\"og:site_name\" content=\"Philosophieaction\" \/>\n<meta property=\"article:publisher\" content=\"https:\/\/www.facebook.com\/InstitutCogito\" \/>\n<meta property=\"article:modified_time\" content=\"2025-09-17T11:23:53+00:00\" \/>\n<meta property=\"og:image\" content=\"https:\/\/philosophieaction.com\/wp-content\/uploads\/2025\/03\/82F46B24-1D56-46D8-B653-B02E50783749.jpeg\" \/>\n\t<meta property=\"og:image:width\" content=\"1280\" \/>\n\t<meta property=\"og:image:height\" content=\"856\" \/>\n\t<meta property=\"og:image:type\" content=\"image\/jpeg\" \/>\n<meta name=\"twitter:card\" content=\"summary_large_image\" \/>\n<meta name=\"twitter:label1\" content=\"Dur\u00e9e de lecture estim\u00e9e\" \/>\n\t<meta name=\"twitter:data1\" content=\"1 minute\" \/>\n<script type=\"application\/ld+json\" class=\"yoast-schema-graph\">{\"@context\":\"https:\/\/schema.org\",\"@graph\":[{\"@type\":\"WebPage\",\"@id\":\"https:\/\/philosophieaction.com\/?page_id=104\",\"url\":\"https:\/\/philosophieaction.com\/?page_id=104\",\"name\":\"Methodologie - Philosophieaction\",\"isPartOf\":{\"@id\":\"https:\/\/philosophieaction.com\/#website\"},\"primaryImageOfPage\":{\"@id\":\"https:\/\/philosophieaction.com\/?page_id=104#primaryimage\"},\"image\":{\"@id\":\"https:\/\/philosophieaction.com\/?page_id=104#primaryimage\"},\"thumbnailUrl\":\"http:\/\/philosophieaction.com\/wp-content\/uploads\/2025\/03\/82F46B24-1D56-46D8-B653-B02E50783749-1024x685.jpeg\",\"datePublished\":\"2025-03-08T07:24:20+00:00\",\"dateModified\":\"2025-09-17T11:23:53+00:00\",\"breadcrumb\":{\"@id\":\"https:\/\/philosophieaction.com\/?page_id=104#breadcrumb\"},\"inLanguage\":\"fr-FR\",\"potentialAction\":[{\"@type\":\"ReadAction\",\"target\":[\"https:\/\/philosophieaction.com\/?page_id=104\"]}]},{\"@type\":\"ImageObject\",\"inLanguage\":\"fr-FR\",\"@id\":\"https:\/\/philosophieaction.com\/?page_id=104#primaryimage\",\"url\":\"https:\/\/philosophieaction.com\/wp-content\/uploads\/2025\/03\/82F46B24-1D56-46D8-B653-B02E50783749.jpeg\",\"contentUrl\":\"https:\/\/philosophieaction.com\/wp-content\/uploads\/2025\/03\/82F46B24-1D56-46D8-B653-B02E50783749.jpeg\",\"width\":1280,\"height\":856},{\"@type\":\"BreadcrumbList\",\"@id\":\"https:\/\/philosophieaction.com\/?page_id=104#breadcrumb\",\"itemListElement\":[{\"@type\":\"ListItem\",\"position\":1,\"name\":\"Accueil\",\"item\":\"https:\/\/philosophieaction.com\/\"},{\"@type\":\"ListItem\",\"position\":2,\"name\":\"Methodologie\"}]},{\"@type\":\"WebSite\",\"@id\":\"https:\/\/philosophieaction.com\/#website\",\"url\":\"https:\/\/philosophieaction.com\/\",\"name\":\"Philosophieaction\",\"description\":\"Pour une philosophie incarn\u00e9e par des  passionn\u00e9s !\",\"publisher\":{\"@id\":\"https:\/\/philosophieaction.com\/#organization\"},\"potentialAction\":[{\"@type\":\"SearchAction\",\"target\":{\"@type\":\"EntryPoint\",\"urlTemplate\":\"https:\/\/philosophieaction.com\/?s={search_term_string}\"},\"query-input\":{\"@type\":\"PropertyValueSpecification\",\"valueRequired\":true,\"valueName\":\"search_term_string\"}}],\"inLanguage\":\"fr-FR\"},{\"@type\":\"Organization\",\"@id\":\"https:\/\/philosophieaction.com\/#organization\",\"name\":\"Philosophieaction\",\"url\":\"https:\/\/philosophieaction.com\/\",\"logo\":{\"@type\":\"ImageObject\",\"inLanguage\":\"fr-FR\",\"@id\":\"https:\/\/philosophieaction.com\/#\/schema\/logo\/image\/\",\"url\":\"https:\/\/philosophieaction.com\/wp-content\/uploads\/2025\/03\/philosophie.jpg\",\"contentUrl\":\"https:\/\/philosophieaction.com\/wp-content\/uploads\/2025\/03\/philosophie.jpg\",\"width\":674,\"height\":455,\"caption\":\"Philosophieaction\"},\"image\":{\"@id\":\"https:\/\/philosophieaction.com\/#\/schema\/logo\/image\/\"},\"sameAs\":[\"https:\/\/www.facebook.com\/InstitutCogito\"]}]}<\/script>\n<!-- \/ Yoast SEO plugin. -->","yoast_head_json":{"title":"Methodologie - Philosophieaction","robots":{"index":"index","follow":"follow","max-snippet":"max-snippet:-1","max-image-preview":"max-image-preview:large","max-video-preview":"max-video-preview:-1"},"canonical":"https:\/\/philosophieaction.com\/?page_id=104","og_locale":"fr_FR","og_type":"article","og_title":"Methodologie - Philosophieaction","og_description":"La d\u00e9mocratie creative et participative, un \u00e9cosyst\u00e8me acteur de liens et de mutualisation des savoirs et des comp\u00e9tences. Comment se retrouver dans un monde en perp\u00e9tuelle transformation? \u00ab\u00a0 J\u2019aimerais te parler de ce qu\u2019on fait \u00e0 l\u2019universit\u00e9 Paris 7, je veux bien en parler et en dire deux mots tout \u00e0 l\u2019heure, mais il me [&hellip;]","og_url":"https:\/\/philosophieaction.com\/?page_id=104","og_site_name":"Philosophieaction","article_publisher":"https:\/\/www.facebook.com\/InstitutCogito","article_modified_time":"2025-09-17T11:23:53+00:00","og_image":[{"width":1280,"height":856,"url":"https:\/\/philosophieaction.com\/wp-content\/uploads\/2025\/03\/82F46B24-1D56-46D8-B653-B02E50783749.jpeg","type":"image\/jpeg"}],"twitter_card":"summary_large_image","twitter_misc":{"Dur\u00e9e de lecture estim\u00e9e":"1 minute"},"schema":{"@context":"https:\/\/schema.org","@graph":[{"@type":"WebPage","@id":"https:\/\/philosophieaction.com\/?page_id=104","url":"https:\/\/philosophieaction.com\/?page_id=104","name":"Methodologie - Philosophieaction","isPartOf":{"@id":"https:\/\/philosophieaction.com\/#website"},"primaryImageOfPage":{"@id":"https:\/\/philosophieaction.com\/?page_id=104#primaryimage"},"image":{"@id":"https:\/\/philosophieaction.com\/?page_id=104#primaryimage"},"thumbnailUrl":"http:\/\/philosophieaction.com\/wp-content\/uploads\/2025\/03\/82F46B24-1D56-46D8-B653-B02E50783749-1024x685.jpeg","datePublished":"2025-03-08T07:24:20+00:00","dateModified":"2025-09-17T11:23:53+00:00","breadcrumb":{"@id":"https:\/\/philosophieaction.com\/?page_id=104#breadcrumb"},"inLanguage":"fr-FR","potentialAction":[{"@type":"ReadAction","target":["https:\/\/philosophieaction.com\/?page_id=104"]}]},{"@type":"ImageObject","inLanguage":"fr-FR","@id":"https:\/\/philosophieaction.com\/?page_id=104#primaryimage","url":"https:\/\/philosophieaction.com\/wp-content\/uploads\/2025\/03\/82F46B24-1D56-46D8-B653-B02E50783749.jpeg","contentUrl":"https:\/\/philosophieaction.com\/wp-content\/uploads\/2025\/03\/82F46B24-1D56-46D8-B653-B02E50783749.jpeg","width":1280,"height":856},{"@type":"BreadcrumbList","@id":"https:\/\/philosophieaction.com\/?page_id=104#breadcrumb","itemListElement":[{"@type":"ListItem","position":1,"name":"Accueil","item":"https:\/\/philosophieaction.com\/"},{"@type":"ListItem","position":2,"name":"Methodologie"}]},{"@type":"WebSite","@id":"https:\/\/philosophieaction.com\/#website","url":"https:\/\/philosophieaction.com\/","name":"Philosophieaction","description":"Pour une philosophie incarn\u00e9e par des  passionn\u00e9s !","publisher":{"@id":"https:\/\/philosophieaction.com\/#organization"},"potentialAction":[{"@type":"SearchAction","target":{"@type":"EntryPoint","urlTemplate":"https:\/\/philosophieaction.com\/?s={search_term_string}"},"query-input":{"@type":"PropertyValueSpecification","valueRequired":true,"valueName":"search_term_string"}}],"inLanguage":"fr-FR"},{"@type":"Organization","@id":"https:\/\/philosophieaction.com\/#organization","name":"Philosophieaction","url":"https:\/\/philosophieaction.com\/","logo":{"@type":"ImageObject","inLanguage":"fr-FR","@id":"https:\/\/philosophieaction.com\/#\/schema\/logo\/image\/","url":"https:\/\/philosophieaction.com\/wp-content\/uploads\/2025\/03\/philosophie.jpg","contentUrl":"https:\/\/philosophieaction.com\/wp-content\/uploads\/2025\/03\/philosophie.jpg","width":674,"height":455,"caption":"Philosophieaction"},"image":{"@id":"https:\/\/philosophieaction.com\/#\/schema\/logo\/image\/"},"sameAs":["https:\/\/www.facebook.com\/InstitutCogito"]}]}},"_links":{"self":[{"href":"https:\/\/philosophieaction.com\/index.php?rest_route=\/wp\/v2\/pages\/104","targetHints":{"allow":["GET"]}}],"collection":[{"href":"https:\/\/philosophieaction.com\/index.php?rest_route=\/wp\/v2\/pages"}],"about":[{"href":"https:\/\/philosophieaction.com\/index.php?rest_route=\/wp\/v2\/types\/page"}],"author":[{"embeddable":true,"href":"https:\/\/philosophieaction.com\/index.php?rest_route=\/wp\/v2\/users\/1"}],"replies":[{"embeddable":true,"href":"https:\/\/philosophieaction.com\/index.php?rest_route=%2Fwp%2Fv2%2Fcomments&post=104"}],"version-history":[{"count":17,"href":"https:\/\/philosophieaction.com\/index.php?rest_route=\/wp\/v2\/pages\/104\/revisions"}],"predecessor-version":[{"id":205,"href":"https:\/\/philosophieaction.com\/index.php?rest_route=\/wp\/v2\/pages\/104\/revisions\/205"}],"wp:attachment":[{"href":"https:\/\/philosophieaction.com\/index.php?rest_route=%2Fwp%2Fv2%2Fmedia&parent=104"}],"curies":[{"name":"wp","href":"https:\/\/api.w.org\/{rel}","templated":true}]}}