{"id":67,"date":"2025-03-06T08:07:03","date_gmt":"2025-03-06T07:07:03","guid":{"rendered":"http:\/\/philosophieaction.com\/?page_id=67"},"modified":"2025-09-17T13:22:54","modified_gmt":"2025-09-17T11:22:54","slug":"memoire","status":"publish","type":"page","link":"https:\/\/philosophieaction.com\/?page_id=67","title":{"rendered":"Heritage"},"content":{"rendered":"\n<div class=\"wp-block-group alignfull has-accent-background-color has-background has-global-padding is-layout-constrained wp-container-core-group-is-layout-669513ed wp-block-group-is-layout-constrained\" style=\"margin-top:0;margin-bottom:0;padding-top:var(--wp--preset--spacing--50);padding-right:var(--wp--preset--spacing--50);padding-bottom:var(--wp--preset--spacing--50);padding-left:var(--wp--preset--spacing--50)\">\n<div class=\"wp-block-group alignwide has-global-padding is-layout-constrained wp-block-group-is-layout-constrained\">\n<div class=\"wp-block-columns alignwide is-layout-flex wp-container-core-columns-is-layout-1da03c2a wp-block-columns-is-layout-flex\">\n<div class=\"wp-block-column is-vertically-aligned-stretch is-layout-flow wp-block-column-is-layout-flow\" style=\"flex-basis:50%\">\n<div class=\"wp-block-group is-vertical is-content-justification-stretch is-layout-flex wp-container-core-group-is-layout-444d5ee8 wp-block-group-is-layout-flex\" style=\"min-height:100%\">\n<blockquote class=\"wp-block-quote has-text-align-center is-layout-flow wp-block-quote-is-layout-flow\">\n<p>Francois\u00a0 Chouquet,<\/p>\n\n\n\n<p>(15 janvier 1945- 22 octobre 2020)<\/p>\n\n\n\n<p>Ancien directeur de <a href=\"https:\/\/www.snesup.fr\/sites\/default\/files\/article\/documents\/SNESUP-636-PDF-BD.pdf\">l\u2019enseignement<\/a> en Prison \u00e0 Paris7<\/p>\n<\/blockquote>\n<\/div>\n<\/div>\n<\/div>\n<\/div>\n<\/div>\n\n\n\n<figure class=\"wp-block-image size-large\"><img loading=\"lazy\" decoding=\"async\" width=\"683\" height=\"1024\" src=\"http:\/\/philosophieaction.com\/wp-content\/uploads\/2025\/03\/IMG_0319-683x1024.jpg\" alt=\"inspiration\" class=\"wp-image-77\" srcset=\"https:\/\/philosophieaction.com\/wp-content\/uploads\/2025\/03\/IMG_0319-683x1024.jpg 683w, https:\/\/philosophieaction.com\/wp-content\/uploads\/2025\/03\/IMG_0319-200x300.jpg 200w, https:\/\/philosophieaction.com\/wp-content\/uploads\/2025\/03\/IMG_0319-768x1151.jpg 768w, https:\/\/philosophieaction.com\/wp-content\/uploads\/2025\/03\/IMG_0319.jpg 810w\" sizes=\"auto, (max-width: 683px) 100vw, 683px\" \/><figcaption class=\"wp-element-caption\">le vieux lion des sans papiers<\/figcaption><\/figure>\n\n\n\n<div class=\"wp-block-group alignfull has-accent-2-background-color has-background has-global-padding is-layout-constrained wp-container-core-group-is-layout-669513ed wp-block-group-is-layout-constrained\" style=\"margin-top:0;margin-bottom:0;padding-top:var(--wp--preset--spacing--50);padding-right:var(--wp--preset--spacing--50);padding-bottom:var(--wp--preset--spacing--50);padding-left:var(--wp--preset--spacing--50)\">\n<div class=\"wp-block-columns alignwide is-layout-flex wp-container-core-columns-is-layout-28f84493 wp-block-columns-is-layout-flex\">\n<div class=\"wp-block-column is-layout-flow wp-block-column-is-layout-flow\" style=\"flex-basis:40%\">\n<p class=\"wp-container-content-0733e5d0\">\u00ab\u00a0Bonjour ami Philosophes\u00a0\u00bb<\/p>\n<\/div>\n\n\n\n<div class=\"wp-block-column is-layout-flow wp-block-column-is-layout-flow\" style=\"flex-basis:60%\">\n<p class=\"has-heading-font-family has-x-large-font-size\" style=\"line-height:1.2\"> Il ponctuait toujours son arriv\u00e9e en classe par un :\u00a0\u00bbBonjour ami Philosophes\u00a0\u00bb nous laissant transparaitre par la, qu&rsquo;au del\u00e0 de ce que nous allions partager en cours, nous sommes des philosophes avant tout. Philosophes en tant qu&rsquo;ami et chercheur de la Sagesse.<\/p>\n\n\n\n<p class=\"has-text-align-left has-heading-font-family has-x-large-font-size\" style=\"line-height:1.2\"><a href=\"https:\/\/www.catchabrun.com\/2020\/06\/pour-notre-jeunesse-resistons.html\">Engag\u00e9<\/a> tant par la transmission de savoirs intellectuels qu&rsquo;artistiques, que pour d\u00e9velopper les moyens m\u00e9thodologique d\u2019y acc\u00e9der, son parcours est \u00e0 l&rsquo;image de sa p\u00e9dagogie. <\/p>\n\n\n\n<p class=\"has-text-align-left has-heading-font-family has-x-large-font-size\" style=\"line-height:1.2\">L&rsquo;alliance de la  rigueur et du s\u00e9rieux alli\u00e9e \u00e0  la transmission des savoirs tant acad\u00e9miques, qu&rsquo;artistiques et culturels.<\/p>\n\n\n\n<p class=\"has-text-align-left has-heading-font-family has-x-large-font-size\" style=\"line-height:1.2\"> Il \u00e9tait avant tout un humaniste et philosophe de terrain, fervent d\u00e9fenseur des droits.<\/p>\n\n\n\n<p class=\"has-text-align-left has-heading-font-family has-x-large-font-size\" style=\"line-height:1.2\">Professeur de philosophie et engag\u00e9 dans la promotion de l\u2019enseignement et des savoirs (<a href=\"http:\/\/sf2a.eu\/semaine-sf2a\/2019\/presentations\/S14\/Briot_S14.pdf\">exemple du projet l\u2019astronomie en prison <\/a>). <\/p>\n\n\n\n<p class=\"has-text-align-left has-heading-font-family has-x-large-font-size\" style=\"line-height:1.2\">Il \u00e9tait \u00e9galement&nbsp; r\u00e9alisateur de films et de <a href=\"https:\/\/www.refractairesnonviolentsalgerie1959a63.org\/spip.php?article570\">documentaires<\/a> .<\/p>\n\n\n\n<p class=\"has-text-align-left has-heading-font-family has-x-large-font-size\" style=\"line-height:1.2\"><a href=\"https:\/\/actualitedesluttes.info\/emission\/loi-de-programmation-de-la-recherche-francois-chouquet\">Le \u201cvieux lion\u201d de beaucoup de sans-papiers<\/a>.<\/p>\n<\/div>\n<\/div>\n\n\n\n<div style=\"height:var(--wp--preset--spacing--40)\" aria-hidden=\"true\" class=\"wp-block-spacer\"><\/div>\n\n\n\n<div class=\"wp-block-buttons is-layout-flex wp-block-buttons-is-layout-flex\">\n<div class=\"wp-block-button\"><a class=\"wp-block-button__link wp-element-button\" href=\"https:\/\/actualitedesluttes.info\/emission\/loi-de-programmation-de-la-recherche-francois-chouquet\">Ecoutez<\/a><\/div>\n<\/div>\n\n\n\n<figure class=\"wp-block-gallery alignwide has-nested-images columns-default is-cropped wp-block-gallery-1 is-layout-flex wp-block-gallery-is-layout-flex\">\n<figure class=\"wp-block-image size-large\"><img alt=\"\" loading=\"lazy\" decoding=\"async\" width=\"640\" height=\"182\" data-id=\"98\" src=\"http:\/\/philosophieaction.com\/wp-content\/uploads\/2025\/03\/IMG_9740.jpg\" alt=\"\" class=\"wp-image-98\" srcset=\"https:\/\/philosophieaction.com\/wp-content\/uploads\/2025\/03\/IMG_9740.jpg 640w, https:\/\/philosophieaction.com\/wp-content\/uploads\/2025\/03\/IMG_9740-300x85.jpg 300w\" sizes=\"auto, (max-width: 640px) 100vw, 640px\" \/><\/figure>\n<\/figure>\n<\/div>\n\n\n\n<div class=\"wp-block-group alignfull has-base-background-color has-background has-global-padding is-layout-constrained wp-container-core-group-is-layout-d89aad35 wp-block-group-is-layout-constrained\" style=\"margin-top:0;margin-bottom:0;padding-top:var(--wp--preset--spacing--50);padding-right:var(--wp--preset--spacing--50);padding-bottom:var(--wp--preset--spacing--50);padding-left:var(--wp--preset--spacing--50)\"><\/div>\n\n\n\n<p><\/p>\n","protected":false},"excerpt":{"rendered":"<p>Francois\u00a0 Chouquet, (15 janvier 1945- 22 octobre 2020) Ancien directeur de l\u2019enseignement en Prison \u00e0 Paris7 \u00ab\u00a0Bonjour ami Philosophes\u00a0\u00bb Il ponctuait toujours son arriv\u00e9e en classe par un :\u00a0\u00bbBonjour ami Philosophes\u00a0\u00bb nous laissant transparaitre par la, qu&rsquo;au del\u00e0 de ce que nous allions partager en cours, nous sommes des philosophes avant tout. Philosophes en tant [&hellip;]<\/p>\n","protected":false},"author":1,"featured_media":0,"parent":0,"menu_order":0,"comment_status":"closed","ping_status":"closed","template":"","meta":{"_seopress_robots_primary_cat":"","_seopress_titles_title":"","_seopress_titles_desc":"","_seopress_robots_index":"","_monsterinsights_skip_tracking":false,"_monsterinsights_sitenote_active":false,"_monsterinsights_sitenote_note":"","_monsterinsights_sitenote_category":0,"_uf_show_specific_survey":0,"_uf_disable_surveys":false,"footnotes":""},"class_list":["post-67","page","type-page","status-publish","hentry"],"aioseo_notices":[],"yoast_head":"<!-- This site is optimized with the Yoast SEO plugin v26.2 - https:\/\/yoast.com\/wordpress\/plugins\/seo\/ -->\n<title>Heritage - Philosophieaction<\/title>\n<meta name=\"robots\" content=\"index, follow, max-snippet:-1, max-image-preview:large, max-video-preview:-1\" \/>\n<link rel=\"canonical\" href=\"https:\/\/philosophieaction.com\/?page_id=67\" \/>\n<meta property=\"og:locale\" content=\"fr_FR\" \/>\n<meta property=\"og:type\" content=\"article\" \/>\n<meta property=\"og:title\" content=\"Heritage - Philosophieaction\" \/>\n<meta property=\"og:description\" content=\"Francois\u00a0 Chouquet, (15 janvier 1945- 22 octobre 2020) Ancien directeur de l\u2019enseignement en Prison \u00e0 Paris7 \u00ab\u00a0Bonjour ami Philosophes\u00a0\u00bb Il ponctuait toujours son arriv\u00e9e en classe par un :\u00a0\u00bbBonjour ami Philosophes\u00a0\u00bb nous laissant transparaitre par la, qu&rsquo;au del\u00e0 de ce que nous allions partager en cours, nous sommes des philosophes avant tout. Philosophes en tant [&hellip;]\" \/>\n<meta property=\"og:url\" content=\"https:\/\/philosophieaction.com\/?page_id=67\" \/>\n<meta property=\"og:site_name\" content=\"Philosophieaction\" \/>\n<meta property=\"article:publisher\" content=\"https:\/\/www.facebook.com\/InstitutCogito\" \/>\n<meta property=\"article:modified_time\" content=\"2025-09-17T11:22:54+00:00\" \/>\n<meta property=\"og:image\" content=\"https:\/\/philosophieaction.com\/wp-content\/uploads\/2025\/03\/IMG_0319.jpg\" \/>\n\t<meta property=\"og:image:width\" content=\"810\" \/>\n\t<meta property=\"og:image:height\" content=\"1214\" \/>\n\t<meta property=\"og:image:type\" content=\"image\/jpeg\" \/>\n<meta name=\"twitter:card\" content=\"summary_large_image\" \/>\n<meta name=\"twitter:label1\" content=\"Dur\u00e9e de lecture estim\u00e9e\" \/>\n\t<meta name=\"twitter:data1\" content=\"1 minute\" \/>\n<script type=\"application\/ld+json\" class=\"yoast-schema-graph\">{\"@context\":\"https:\/\/schema.org\",\"@graph\":[{\"@type\":\"WebPage\",\"@id\":\"https:\/\/philosophieaction.com\/?page_id=67\",\"url\":\"https:\/\/philosophieaction.com\/?page_id=67\",\"name\":\"Heritage - Philosophieaction\",\"isPartOf\":{\"@id\":\"https:\/\/philosophieaction.com\/#website\"},\"primaryImageOfPage\":{\"@id\":\"https:\/\/philosophieaction.com\/?page_id=67#primaryimage\"},\"image\":{\"@id\":\"https:\/\/philosophieaction.com\/?page_id=67#primaryimage\"},\"thumbnailUrl\":\"http:\/\/philosophieaction.com\/wp-content\/uploads\/2025\/03\/IMG_0319-683x1024.jpg\",\"datePublished\":\"2025-03-06T07:07:03+00:00\",\"dateModified\":\"2025-09-17T11:22:54+00:00\",\"breadcrumb\":{\"@id\":\"https:\/\/philosophieaction.com\/?page_id=67#breadcrumb\"},\"inLanguage\":\"fr-FR\",\"potentialAction\":[{\"@type\":\"ReadAction\",\"target\":[\"https:\/\/philosophieaction.com\/?page_id=67\"]}]},{\"@type\":\"ImageObject\",\"inLanguage\":\"fr-FR\",\"@id\":\"https:\/\/philosophieaction.com\/?page_id=67#primaryimage\",\"url\":\"https:\/\/philosophieaction.com\/wp-content\/uploads\/2025\/03\/IMG_0319.jpg\",\"contentUrl\":\"https:\/\/philosophieaction.com\/wp-content\/uploads\/2025\/03\/IMG_0319.jpg\",\"width\":810,\"height\":1214,\"caption\":\"le vieux lion des sans papiers\"},{\"@type\":\"BreadcrumbList\",\"@id\":\"https:\/\/philosophieaction.com\/?page_id=67#breadcrumb\",\"itemListElement\":[{\"@type\":\"ListItem\",\"position\":1,\"name\":\"Accueil\",\"item\":\"https:\/\/philosophieaction.com\/\"},{\"@type\":\"ListItem\",\"position\":2,\"name\":\"Heritage\"}]},{\"@type\":\"WebSite\",\"@id\":\"https:\/\/philosophieaction.com\/#website\",\"url\":\"https:\/\/philosophieaction.com\/\",\"name\":\"Philosophieaction\",\"description\":\"Pour une philosophie incarn\u00e9e par des  passionn\u00e9s !\",\"publisher\":{\"@id\":\"https:\/\/philosophieaction.com\/#organization\"},\"potentialAction\":[{\"@type\":\"SearchAction\",\"target\":{\"@type\":\"EntryPoint\",\"urlTemplate\":\"https:\/\/philosophieaction.com\/?s={search_term_string}\"},\"query-input\":{\"@type\":\"PropertyValueSpecification\",\"valueRequired\":true,\"valueName\":\"search_term_string\"}}],\"inLanguage\":\"fr-FR\"},{\"@type\":\"Organization\",\"@id\":\"https:\/\/philosophieaction.com\/#organization\",\"name\":\"Philosophieaction\",\"url\":\"https:\/\/philosophieaction.com\/\",\"logo\":{\"@type\":\"ImageObject\",\"inLanguage\":\"fr-FR\",\"@id\":\"https:\/\/philosophieaction.com\/#\/schema\/logo\/image\/\",\"url\":\"https:\/\/philosophieaction.com\/wp-content\/uploads\/2025\/03\/philosophie.jpg\",\"contentUrl\":\"https:\/\/philosophieaction.com\/wp-content\/uploads\/2025\/03\/philosophie.jpg\",\"width\":674,\"height\":455,\"caption\":\"Philosophieaction\"},\"image\":{\"@id\":\"https:\/\/philosophieaction.com\/#\/schema\/logo\/image\/\"},\"sameAs\":[\"https:\/\/www.facebook.com\/InstitutCogito\"]}]}<\/script>\n<!-- \/ Yoast SEO plugin. -->","yoast_head_json":{"title":"Heritage - Philosophieaction","robots":{"index":"index","follow":"follow","max-snippet":"max-snippet:-1","max-image-preview":"max-image-preview:large","max-video-preview":"max-video-preview:-1"},"canonical":"https:\/\/philosophieaction.com\/?page_id=67","og_locale":"fr_FR","og_type":"article","og_title":"Heritage - Philosophieaction","og_description":"Francois\u00a0 Chouquet, (15 janvier 1945- 22 octobre 2020) Ancien directeur de l\u2019enseignement en Prison \u00e0 Paris7 \u00ab\u00a0Bonjour ami Philosophes\u00a0\u00bb Il ponctuait toujours son arriv\u00e9e en classe par un :\u00a0\u00bbBonjour ami Philosophes\u00a0\u00bb nous laissant transparaitre par la, qu&rsquo;au del\u00e0 de ce que nous allions partager en cours, nous sommes des philosophes avant tout. Philosophes en tant [&hellip;]","og_url":"https:\/\/philosophieaction.com\/?page_id=67","og_site_name":"Philosophieaction","article_publisher":"https:\/\/www.facebook.com\/InstitutCogito","article_modified_time":"2025-09-17T11:22:54+00:00","og_image":[{"width":810,"height":1214,"url":"https:\/\/philosophieaction.com\/wp-content\/uploads\/2025\/03\/IMG_0319.jpg","type":"image\/jpeg"}],"twitter_card":"summary_large_image","twitter_misc":{"Dur\u00e9e de lecture estim\u00e9e":"1 minute"},"schema":{"@context":"https:\/\/schema.org","@graph":[{"@type":"WebPage","@id":"https:\/\/philosophieaction.com\/?page_id=67","url":"https:\/\/philosophieaction.com\/?page_id=67","name":"Heritage - Philosophieaction","isPartOf":{"@id":"https:\/\/philosophieaction.com\/#website"},"primaryImageOfPage":{"@id":"https:\/\/philosophieaction.com\/?page_id=67#primaryimage"},"image":{"@id":"https:\/\/philosophieaction.com\/?page_id=67#primaryimage"},"thumbnailUrl":"http:\/\/philosophieaction.com\/wp-content\/uploads\/2025\/03\/IMG_0319-683x1024.jpg","datePublished":"2025-03-06T07:07:03+00:00","dateModified":"2025-09-17T11:22:54+00:00","breadcrumb":{"@id":"https:\/\/philosophieaction.com\/?page_id=67#breadcrumb"},"inLanguage":"fr-FR","potentialAction":[{"@type":"ReadAction","target":["https:\/\/philosophieaction.com\/?page_id=67"]}]},{"@type":"ImageObject","inLanguage":"fr-FR","@id":"https:\/\/philosophieaction.com\/?page_id=67#primaryimage","url":"https:\/\/philosophieaction.com\/wp-content\/uploads\/2025\/03\/IMG_0319.jpg","contentUrl":"https:\/\/philosophieaction.com\/wp-content\/uploads\/2025\/03\/IMG_0319.jpg","width":810,"height":1214,"caption":"le vieux lion des sans papiers"},{"@type":"BreadcrumbList","@id":"https:\/\/philosophieaction.com\/?page_id=67#breadcrumb","itemListElement":[{"@type":"ListItem","position":1,"name":"Accueil","item":"https:\/\/philosophieaction.com\/"},{"@type":"ListItem","position":2,"name":"Heritage"}]},{"@type":"WebSite","@id":"https:\/\/philosophieaction.com\/#website","url":"https:\/\/philosophieaction.com\/","name":"Philosophieaction","description":"Pour une philosophie incarn\u00e9e par des  passionn\u00e9s !","publisher":{"@id":"https:\/\/philosophieaction.com\/#organization"},"potentialAction":[{"@type":"SearchAction","target":{"@type":"EntryPoint","urlTemplate":"https:\/\/philosophieaction.com\/?s={search_term_string}"},"query-input":{"@type":"PropertyValueSpecification","valueRequired":true,"valueName":"search_term_string"}}],"inLanguage":"fr-FR"},{"@type":"Organization","@id":"https:\/\/philosophieaction.com\/#organization","name":"Philosophieaction","url":"https:\/\/philosophieaction.com\/","logo":{"@type":"ImageObject","inLanguage":"fr-FR","@id":"https:\/\/philosophieaction.com\/#\/schema\/logo\/image\/","url":"https:\/\/philosophieaction.com\/wp-content\/uploads\/2025\/03\/philosophie.jpg","contentUrl":"https:\/\/philosophieaction.com\/wp-content\/uploads\/2025\/03\/philosophie.jpg","width":674,"height":455,"caption":"Philosophieaction"},"image":{"@id":"https:\/\/philosophieaction.com\/#\/schema\/logo\/image\/"},"sameAs":["https:\/\/www.facebook.com\/InstitutCogito"]}]}},"_links":{"self":[{"href":"https:\/\/philosophieaction.com\/index.php?rest_route=\/wp\/v2\/pages\/67","targetHints":{"allow":["GET"]}}],"collection":[{"href":"https:\/\/philosophieaction.com\/index.php?rest_route=\/wp\/v2\/pages"}],"about":[{"href":"https:\/\/philosophieaction.com\/index.php?rest_route=\/wp\/v2\/types\/page"}],"author":[{"embeddable":true,"href":"https:\/\/philosophieaction.com\/index.php?rest_route=\/wp\/v2\/users\/1"}],"replies":[{"embeddable":true,"href":"https:\/\/philosophieaction.com\/index.php?rest_route=%2Fwp%2Fv2%2Fcomments&post=67"}],"version-history":[{"count":16,"href":"https:\/\/philosophieaction.com\/index.php?rest_route=\/wp\/v2\/pages\/67\/revisions"}],"predecessor-version":[{"id":203,"href":"https:\/\/philosophieaction.com\/index.php?rest_route=\/wp\/v2\/pages\/67\/revisions\/203"}],"wp:attachment":[{"href":"https:\/\/philosophieaction.com\/index.php?rest_route=%2Fwp%2Fv2%2Fmedia&parent=67"}],"curies":[{"name":"wp","href":"https:\/\/api.w.org\/{rel}","templated":true}]}}