{"id":8,"date":"2025-02-28T23:53:05","date_gmt":"2025-02-28T22:53:05","guid":{"rendered":"http:\/\/philosophieaction.com\/?page_id=8"},"modified":"2025-09-17T13:51:09","modified_gmt":"2025-09-17T11:51:09","slug":"accueil","status":"publish","type":"page","link":"https:\/\/philosophieaction.com\/","title":{"rendered":"Philosophie de terrain"},"content":{"rendered":"\n<div class=\"wp-block-group alignfull has-accent-2-background-color has-background has-global-padding is-layout-constrained wp-container-core-group-is-layout-669513ed wp-block-group-is-layout-constrained\" style=\"margin-top:0;margin-bottom:0;padding-top:var(--wp--preset--spacing--50);padding-right:var(--wp--preset--spacing--50);padding-bottom:var(--wp--preset--spacing--50);padding-left:var(--wp--preset--spacing--50)\">\n<div class=\"wp-block-columns alignwide is-layout-flex wp-container-core-columns-is-layout-28f84493 wp-block-columns-is-layout-flex\">\n<div class=\"wp-block-column is-layout-flow wp-block-column-is-layout-flow\" style=\"flex-basis:40%\">\n<blockquote class=\"wp-block-quote has-text-align-center is-layout-flow wp-block-quote-is-layout-flow\">\n<p>\u00ab\u00a0La diffusion des savoirs et la promotion des acteurs de terrain afin d&rsquo;alimenter la curiosit\u00e9 et susciter l\u2019inspiration. Avec un engagement envers les libraires et les associations.\u00a0\u00bb<\/p>\n<\/blockquote>\n<\/div>\n\n\n\n<div class=\"wp-block-column is-layout-flow wp-block-column-is-layout-flow\" style=\"flex-basis:60%\">\n<p class=\"has-heading-font-family has-x-large-font-size\" style=\"line-height:1.2\">Comment la philosophie donne du sens \u00e0 l&rsquo;\u00e9conomie?<\/p>\n\n\n\n<p><a href=\"https:\/\/www.dictionnaire-academie.fr\/article\/A9P1993\" data-type=\"link\" data-id=\"https:\/\/www.dictionnaire-academie.fr\/article\/A9P1993\">Philosophie<\/a><\/p>\n\n\n\n<p><a href=\"https:\/\/philosophieaction.com\/?page_id=127\" data-type=\"page\" data-id=\"127\">Citoyennet\u00e9<\/a><\/p>\n\n\n\n<p><a href=\"https:\/\/philosophieaction.com\/?page_id=104\" data-type=\"page\" data-id=\"104\">Methodologie<\/a><\/p>\n\n\n\n<p><a href=\"https:\/\/philosophieaction.com\/?page_id=38\" data-type=\"page\" data-id=\"38\">Transmission<\/a><\/p>\n\n\n\n<p><a href=\"https:\/\/philosophieaction.com\/?page_id=88\" data-type=\"page\" data-id=\"88\">Traduction<\/a><\/p>\n\n\n\n<p><a href=\"https:\/\/philosophieaction.com\/?page_id=67\" data-type=\"page\" data-id=\"67\">Heritage<\/a><\/p>\n\n\n\n<p><a href=\"https:\/\/philosophieaction.com\/?page_id=83\" data-type=\"page\" data-id=\"83\">Recherches<\/a><\/p>\n<\/div>\n\n\n\n<div class=\"wp-block-column is-layout-flow wp-block-column-is-layout-flow\"><\/div>\n\n\n\n<div class=\"wp-block-column is-layout-flow wp-block-column-is-layout-flow\"><\/div>\n<\/div>\n\n\n\n<div style=\"height:var(--wp--preset--spacing--40)\" aria-hidden=\"true\" class=\"wp-block-spacer\"><\/div>\n\n\n\n<figure class=\"wp-block-gallery alignwide has-nested-images columns-default is-cropped wp-block-gallery-2 is-layout-flex wp-block-gallery-is-layout-flex\">\n<figure class=\"wp-block-image size-large is-style-rounded is-style-rounded--1\"><a href=\"https:\/\/agathevidal.fr\"><img loading=\"lazy\" decoding=\"async\" width=\"674\" height=\"455\" data-id=\"16\" src=\"http:\/\/philosophieaction.com\/wp-content\/uploads\/2025\/03\/philosophie.jpg\" alt=\"Philosophie of life\" class=\"wp-image-16\" srcset=\"https:\/\/philosophieaction.com\/wp-content\/uploads\/2025\/03\/philosophie.jpg 674w, https:\/\/philosophieaction.com\/wp-content\/uploads\/2025\/03\/philosophie-300x203.jpg 300w\" sizes=\"auto, (max-width: 674px) 100vw, 674px\" \/><\/a><\/figure>\n<\/figure>\n\n\n\n<h2 class=\"wp-block-heading\"><em>La philosophie<\/em> ne se limite pas \u00e0 une discipline &#8211; Comme tant d&rsquo;autres, nous sommes passionn\u00e9s par les savoirs d\u2019hier et d&rsquo;aujourd&rsquo;hui qui fa\u00e7onnent notre quotidien. <\/h2>\n\n\n\n<p><a href=\"https:\/\/www.dictionnaire-academie.fr\/article\/A9P1993\" data-type=\"link\" data-id=\"https:\/\/www.dictionnaire-academie.fr\/article\/A9P1993\"> d\u00e9finition de l&rsquo;Academie Fran\u00e7aise<\/a><\/p>\n<\/div>\n\n\n\n<div class=\"wp-block-group alignfull has-base-2-background-color has-background has-global-padding is-layout-constrained wp-container-core-group-is-layout-7cd14b77 wp-block-group-is-layout-constrained\" style=\"margin-top:0;margin-bottom:0;padding-top:var(--wp--preset--spacing--60);padding-right:var(--wp--preset--spacing--60);padding-bottom:var(--wp--preset--spacing--60);padding-left:var(--wp--preset--spacing--60)\">\n<div class=\"wp-block-group alignwide is-layout-flow wp-block-group-is-layout-flow\">\n<figure class=\"wp-block-image size-full is-resized\"><a href=\"https:\/\/www.agathevidal.fr\/concept\/\"><img alt=\"\" loading=\"lazy\" decoding=\"async\" width=\"388\" height=\"130\" src=\"http:\/\/philosophieaction.com\/wp-content\/uploads\/2025\/03\/velo.jpg\" alt=\"\" class=\"wp-image-49\" style=\"width:802px;height:auto\" srcset=\"https:\/\/philosophieaction.com\/wp-content\/uploads\/2025\/03\/velo.jpg 388w, https:\/\/philosophieaction.com\/wp-content\/uploads\/2025\/03\/velo-300x101.jpg 300w\" sizes=\"auto, (max-width: 388px) 100vw, 388px\" \/><\/a><\/figure>\n\n\n\n<h2 class=\"wp-block-heading\">Elle s&rsquo;inscrit dans un parcours, illustrant  les choix de notre vie.<\/h2>\n<\/div>\n<\/div>\n\n\n\n<div class=\"wp-block-group alignfull has-base-2-color has-contrast-background-color has-text-color has-background has-link-color wp-elements-f49a4c341b9882793d7ae8fbe1f30838 has-global-padding is-layout-constrained wp-container-core-group-is-layout-facafb6f wp-block-group-is-layout-constrained\" style=\"margin-top:0;margin-bottom:0;padding-top:var(--wp--preset--spacing--50);padding-right:var(--wp--preset--spacing--50);padding-bottom:var(--wp--preset--spacing--50);padding-left:var(--wp--preset--spacing--50)\">\n<div class=\"wp-block-columns alignwide is-layout-flex wp-container-core-columns-is-layout-d1c656ed wp-block-columns-is-layout-flex\">\n<div class=\"wp-block-column is-vertically-aligned-stretch is-layout-flow wp-block-column-is-layout-flow\" style=\"padding-right:0;flex-basis:60%\">\n<div class=\"wp-block-group is-vertical is-content-justification-stretch is-layout-flex wp-container-core-group-is-layout-ae24f51d wp-block-group-is-layout-flex\" style=\"min-height:100%\">\n<figure class=\"wp-block-gallery has-nested-images columns-default is-cropped wp-block-gallery-3 is-layout-flex wp-block-gallery-is-layout-flex\"><\/figure>\n\n\n\n<h2 class=\"wp-block-heading\"><\/h2>\n\n\n\n<p>Des programmes qui s&rsquo;adressent \u00e0 un public curieux et d\u00e9sireux d&rsquo;acqu\u00e9rir des outils de recherche et de compr\u00e9hension .<\/p>\n\n\n\n<figure class=\"wp-block-image size-full\"><a href=\"https:\/\/agathevidal.fr\"><img alt=\"\" loading=\"lazy\" decoding=\"async\" width=\"800\" height=\"527\" src=\"http:\/\/philosophieaction.com\/wp-content\/uploads\/2025\/03\/Salon_de_Madame_Geoffrin.jpg\" alt=\"\" class=\"wp-image-48\" srcset=\"https:\/\/philosophieaction.com\/wp-content\/uploads\/2025\/03\/Salon_de_Madame_Geoffrin.jpg 800w, https:\/\/philosophieaction.com\/wp-content\/uploads\/2025\/03\/Salon_de_Madame_Geoffrin-300x198.jpg 300w, https:\/\/philosophieaction.com\/wp-content\/uploads\/2025\/03\/Salon_de_Madame_Geoffrin-768x506.jpg 768w\" sizes=\"auto, (max-width: 800px) 100vw, 800px\" \/><\/a><\/figure>\n\n\n\n<p class=\"has-medium-font-size\">Des \u00e9v\u00e9nements afin de promouvoir les acteurs de notre temps et proposer des rencontres afin pour faciliter l&rsquo;acculturation aux savoirs<\/p>\n<\/div>\n<\/div>\n\n\n\n<div class=\"wp-block-column is-layout-flow wp-block-column-is-layout-flow\" style=\"flex-basis:40%\">\n<div class=\"wp-block-group has-global-padding is-layout-constrained wp-block-group-is-layout-constrained\">\n<div style=\"height:var(--wp--preset--spacing--40)\" aria-hidden=\"true\" class=\"wp-block-spacer\"><\/div>\n\n\n\n<p>Des outils de transmission et des moyens p\u00e9dagogiques <\/p>\n\n\n\n<div class=\"wp-block-group is-layout-flow wp-block-group-is-layout-flow\">\n<figure class=\"wp-block-image size-large is-style-rounded is-style-rounded--4\"><a href=\"https:\/\/www.agathevidal.fr\/journal\/\"><img alt=\"transmission et leadership\" loading=\"lazy\" decoding=\"async\" width=\"843\" height=\"1024\" src=\"http:\/\/philosophieaction.com\/wp-content\/uploads\/2025\/03\/IMG_4474-843x1024.jpeg\" alt=\"\" class=\"wp-image-23\" style=\"aspect-ratio:9\/16;object-fit:cover\" srcset=\"https:\/\/philosophieaction.com\/wp-content\/uploads\/2025\/03\/IMG_4474-843x1024.jpeg 843w, https:\/\/philosophieaction.com\/wp-content\/uploads\/2025\/03\/IMG_4474-247x300.jpeg 247w, https:\/\/philosophieaction.com\/wp-content\/uploads\/2025\/03\/IMG_4474-768x932.jpeg 768w, https:\/\/philosophieaction.com\/wp-content\/uploads\/2025\/03\/IMG_4474.jpeg 1229w\" sizes=\"auto, (max-width: 843px) 100vw, 843px\" \/><\/a><figcaption class=\"wp-element-caption\">Des outils de transmission et des moyens p\u00e9dagogiques <\/figcaption><\/figure>\n<\/div>\n<\/div>\n<\/div>\n<\/div>\n\n\n\n<p><\/p>\n\n\n\n<h2 class=\"wp-block-heading\"><\/h2>\n\n\n\n<h2 class=\"wp-block-heading\"><\/h2>\n\n\n\n<h2 class=\"wp-block-heading\"><\/h2>\n<\/div>\n\n\n\n<h2 class=\"wp-block-heading\">\u00ab\u00a0La philosophie de l&rsquo;action est le pont qui transforme notre qu\u00eate de sens en rencontres remarquables.\u00a0\u00bb<\/h2>\n\n\n\n<div class=\"wp-block-group alignwide has-global-padding is-layout-constrained wp-block-group-is-layout-constrained\">\n<div class=\"wp-block-group alignwide is-layout-flow wp-block-group-is-layout-flow\" style=\"padding-top:var(--wp--preset--spacing--50);padding-bottom:var(--wp--preset--spacing--50)\">\n<figure class=\"wp-block-image size-full is-resized\"><img decoding=\"async\" src=\"http:\/\/philosophieaction.com\/wp-content\/themes\/twentytwentyfour\/assets\/images\/icon-message.webp\" alt=\"\" style=\"width:40px;height:auto\"\/><\/figure>\n\n\n\n<hr class=\"wp-block-separator has-alpha-channel-opacity is-style-wide\"\/>\n\n\n\n<div class=\"wp-block-columns is-layout-flex wp-container-core-columns-is-layout-633352e7 wp-block-columns-is-layout-flex\" style=\"padding-top:var(--wp--preset--spacing--10)\">\n<div class=\"wp-block-column is-layout-flow wp-block-column-is-layout-flow\" style=\"flex-basis:57%\">\n<h2 class=\"wp-block-heading has-x-large-font-size\">Restez \u00e0 jour, restons en contact.<\/h2>\n<\/div>\n\n\n\n<div class=\"wp-block-column is-layout-flow wp-block-column-is-layout-flow\" style=\"flex-basis:30%\">\n<div class=\"wp-block-group is-vertical is-layout-flex wp-container-core-group-is-layout-ea0cb840 wp-block-group-is-layout-flex\">\n<h3 class=\"wp-block-heading has-body-font-family has-medium-font-size\">Enquete <\/h3>\n\n\n\n<div class=\"wp-block-buttons is-layout-flex wp-block-buttons-is-layout-flex\">\n<div class=\"wp-block-button\"><a class=\"wp-block-button__link wp-element-button\" href=\"https:\/\/docs.google.com\/forms\/d\/e\/1FAIpQLSfN7KjfzxVbtw9g0HpsdVJo9NhGEOAk9M9JYfdRh-Mhca35NQ\/viewform?usp=header\">je r\u00e9ponds au questionnaire<\/a><\/div>\n<\/div>\n<\/div>\n<\/div>\n\n\n\n<div class=\"wp-block-column is-layout-flow wp-block-column-is-layout-flow\" style=\"flex-basis:30%\">\n<div class=\"wp-block-columns is-not-stacked-on-mobile is-layout-flex wp-container-core-columns-is-layout-28f84493 wp-block-columns-is-layout-flex\">\n<div class=\"wp-block-column is-layout-flow wp-block-column-is-layout-flow\">\n<div class=\"wp-block-group is-vertical is-layout-flex wp-container-core-group-is-layout-ea0cb840 wp-block-group-is-layout-flex\">\n<h3 class=\"wp-block-heading has-body-font-family has-medium-font-size\">Suivre<\/h3>\n\n\n\n<figure class=\"wp-block-image size-full\"><a href=\"https:\/\/www.agathevidal.fr\"><img alt=\"\" loading=\"lazy\" decoding=\"async\" width=\"939\" height=\"625\" src=\"http:\/\/philosophieaction.com\/wp-content\/uploads\/2025\/03\/institutcogito-1.png\" alt=\"\" class=\"wp-image-33\" srcset=\"https:\/\/philosophieaction.com\/wp-content\/uploads\/2025\/03\/institutcogito-1.png 939w, https:\/\/philosophieaction.com\/wp-content\/uploads\/2025\/03\/institutcogito-1-300x200.png 300w, https:\/\/philosophieaction.com\/wp-content\/uploads\/2025\/03\/institutcogito-1-768x511.png 768w\" sizes=\"auto, (max-width: 939px) 100vw, 939px\" \/><\/a><\/figure>\n<\/div>\n<\/div>\n<\/div>\n<\/div>\n<\/div>\n\n\n\n<div style=\"height:var(--wp--preset--spacing--50)\" aria-hidden=\"true\" class=\"wp-block-spacer\"><\/div>\n\n\n\n<div class=\"wp-block-group is-content-justification-space-between is-layout-flex wp-container-core-group-is-layout-e5edad21 wp-block-group-is-layout-flex\">\n<div class=\"wp-block-group is-layout-flex wp-container-core-group-is-layout-fe1ad1e6 wp-block-group-is-layout-flex\">\n<p class=\"has-small-font-size\">\u00a9<\/p>\n\n\n<p style=\"font-style:normal;font-weight:400;\" class=\"wp-block-site-title has-small-font-size\"><a href=\"https:\/\/philosophieaction.com\" target=\"_self\" rel=\"home\">Philosophieaction<\/a><\/p><\/div>\n\n\n\n<p class=\"has-small-font-size\">\n\t\t\t\tCon\u00e7u avec <a href=\"https:\/\/fr.wordpress.org\" rel=\"nofollow\">WordPress<\/a>\t\t\t<\/p>\n<\/div>\n<\/div>\n<\/div>\n\n\n\n<div class=\"wp-block-group is-vertical is-content-justification-center is-layout-flex wp-container-core-group-is-layout-838cd1cc wp-block-group-is-layout-flex\" style=\"padding-top:var(--wp--preset--spacing--40);padding-bottom:var(--wp--preset--spacing--50)\"><div class=\"is-default-size wp-block-site-logo\"><a href=\"https:\/\/philosophieaction.com\/\" class=\"custom-logo-link\" rel=\"home\"><img loading=\"lazy\" decoding=\"async\" width=\"674\" height=\"455\" src=\"https:\/\/philosophieaction.com\/wp-content\/uploads\/2025\/03\/philosophie.jpg\" class=\"custom-logo\" alt=\"Philosophie of life\" srcset=\"https:\/\/philosophieaction.com\/wp-content\/uploads\/2025\/03\/philosophie.jpg 674w, https:\/\/philosophieaction.com\/wp-content\/uploads\/2025\/03\/philosophie-300x203.jpg 300w\" sizes=\"auto, (max-width: 674px) 100vw, 674px\" \/><\/a><\/div>\n\n<nav class=\"has-small-font-size items-justified-center wp-block-navigation is-content-justification-center is-layout-flex wp-container-core-navigation-is-layout-a89b3969 wp-block-navigation-is-layout-flex\" aria-label=\"Navigation\"><ul class=\"wp-block-navigation__container has-small-font-size items-justified-center wp-block-navigation has-small-font-size\"><ul class=\"has-small-font-size wp-block-page-list\"><li class=\"wp-block-pages-list__item wp-block-navigation-item open-on-hover-click\"><a class=\"wp-block-pages-list__item__link wp-block-navigation-item__content\" href=\"https:\/\/philosophieaction.com\/?page_id=127\">Citoyennet\u00e9<\/a><\/li><li class=\"wp-block-pages-list__item wp-block-navigation-item open-on-hover-click\"><a class=\"wp-block-pages-list__item__link wp-block-navigation-item__content\" href=\"https:\/\/philosophieaction.com\/?page_id=67\">Heritage<\/a><\/li><li class=\"wp-block-pages-list__item wp-block-navigation-item open-on-hover-click\"><a class=\"wp-block-pages-list__item__link wp-block-navigation-item__content\" href=\"https:\/\/philosophieaction.com\/?page_id=104\">Methodologie<\/a><\/li><li class=\"wp-block-pages-list__item wp-block-navigation-item open-on-hover-click menu-item-home\"><a class=\"wp-block-pages-list__item__link wp-block-navigation-item__content\" href=\"https:\/\/philosophieaction.com\/\">Philosophie de terrain<\/a><\/li><li class=\"wp-block-pages-list__item wp-block-navigation-item open-on-hover-click\"><a class=\"wp-block-pages-list__item__link wp-block-navigation-item__content\" href=\"https:\/\/philosophieaction.com\/?page_id=83\">Recherches<\/a><\/li><li class=\"wp-block-pages-list__item wp-block-navigation-item open-on-hover-click\"><a class=\"wp-block-pages-list__item__link wp-block-navigation-item__content\" href=\"https:\/\/philosophieaction.com\/?page_id=88\">Traduction<\/a><\/li><li class=\"wp-block-pages-list__item wp-block-navigation-item open-on-hover-click\"><a class=\"wp-block-pages-list__item__link wp-block-navigation-item__content\" href=\"https:\/\/philosophieaction.com\/?page_id=38\">Transmission<\/a><\/li><\/ul><\/ul><\/nav>\n\n\n<p class=\"has-text-align-center has-secondary-color has-text-color has-link-color has-small-font-size wp-elements-5e93a27869169876357e4e0804cced4b\">\n\tCon\u00e7u avec <a href=\"https:\/\/fr.wordpress.org\" rel=\"nofollow\">WordPress<\/a>\t<\/p>\n<\/div>\n\n\n","protected":false},"excerpt":{"rendered":"<p>\u00ab\u00a0La diffusion des savoirs et la promotion des acteurs de terrain afin d&rsquo;alimenter la curiosit\u00e9 et susciter l\u2019inspiration. Avec un engagement envers les libraires et les associations.\u00a0\u00bb Comment la philosophie donne du sens \u00e0 l&rsquo;\u00e9conomie? Philosophie Citoyennet\u00e9 Methodologie Transmission Traduction Heritage Recherches La philosophie ne se limite pas \u00e0 une discipline &#8211; Comme tant d&rsquo;autres, [&hellip;]<\/p>\n","protected":false},"author":1,"featured_media":16,"parent":0,"menu_order":0,"comment_status":"closed","ping_status":"closed","template":"","meta":{"_seopress_robots_primary_cat":"","_seopress_titles_title":"","_seopress_titles_desc":"","_seopress_robots_index":"","_monsterinsights_skip_tracking":false,"_monsterinsights_sitenote_active":false,"_monsterinsights_sitenote_note":"","_monsterinsights_sitenote_category":0,"_uf_show_specific_survey":0,"_uf_disable_surveys":false,"footnotes":""},"class_list":["post-8","page","type-page","status-publish","has-post-thumbnail","hentry"],"aioseo_notices":[],"yoast_head":"<!-- This site is optimized with the Yoast SEO plugin v26.2 - https:\/\/yoast.com\/wordpress\/plugins\/seo\/ -->\n<title>Philosophie de terrain - Philosophieaction<\/title>\n<meta name=\"robots\" content=\"index, follow, max-snippet:-1, max-image-preview:large, max-video-preview:-1\" \/>\n<link rel=\"canonical\" href=\"https:\/\/philosophieaction.com\/\" \/>\n<meta property=\"og:locale\" content=\"fr_FR\" \/>\n<meta property=\"og:type\" content=\"article\" \/>\n<meta property=\"og:title\" content=\"Philosophie de terrain - Philosophieaction\" \/>\n<meta property=\"og:description\" content=\"\u00ab\u00a0La diffusion des savoirs et la promotion des acteurs de terrain afin d&rsquo;alimenter la curiosit\u00e9 et susciter l\u2019inspiration. Avec un engagement envers les libraires et les associations.\u00a0\u00bb Comment la philosophie donne du sens \u00e0 l&rsquo;\u00e9conomie? Philosophie Citoyennet\u00e9 Methodologie Transmission Traduction Heritage Recherches La philosophie ne se limite pas \u00e0 une discipline &#8211; Comme tant d&rsquo;autres, [&hellip;]\" \/>\n<meta property=\"og:url\" content=\"https:\/\/philosophieaction.com\/\" \/>\n<meta property=\"og:site_name\" content=\"Philosophieaction\" \/>\n<meta property=\"article:publisher\" content=\"https:\/\/www.facebook.com\/InstitutCogito\" \/>\n<meta property=\"article:modified_time\" content=\"2025-09-17T11:51:09+00:00\" \/>\n<meta property=\"og:image\" content=\"https:\/\/philosophieaction.com\/wp-content\/uploads\/2025\/03\/philosophie.jpg\" \/>\n\t<meta property=\"og:image:width\" content=\"674\" \/>\n\t<meta property=\"og:image:height\" content=\"455\" \/>\n\t<meta property=\"og:image:type\" content=\"image\/jpeg\" \/>\n<meta name=\"twitter:card\" content=\"summary_large_image\" \/>\n<meta name=\"twitter:label1\" content=\"Dur\u00e9e de lecture estim\u00e9e\" \/>\n\t<meta name=\"twitter:data1\" content=\"1 minute\" \/>\n<script type=\"application\/ld+json\" class=\"yoast-schema-graph\">{\"@context\":\"https:\/\/schema.org\",\"@graph\":[{\"@type\":\"WebPage\",\"@id\":\"https:\/\/philosophieaction.com\/\",\"url\":\"https:\/\/philosophieaction.com\/\",\"name\":\"Philosophie de terrain - Philosophieaction\",\"isPartOf\":{\"@id\":\"https:\/\/philosophieaction.com\/#website\"},\"primaryImageOfPage\":{\"@id\":\"https:\/\/philosophieaction.com\/#primaryimage\"},\"image\":{\"@id\":\"https:\/\/philosophieaction.com\/#primaryimage\"},\"thumbnailUrl\":\"https:\/\/philosophieaction.com\/wp-content\/uploads\/2025\/03\/philosophie.jpg\",\"datePublished\":\"2025-02-28T22:53:05+00:00\",\"dateModified\":\"2025-09-17T11:51:09+00:00\",\"breadcrumb\":{\"@id\":\"https:\/\/philosophieaction.com\/#breadcrumb\"},\"inLanguage\":\"fr-FR\",\"potentialAction\":[{\"@type\":\"ReadAction\",\"target\":[\"https:\/\/philosophieaction.com\/\"]}]},{\"@type\":\"ImageObject\",\"inLanguage\":\"fr-FR\",\"@id\":\"https:\/\/philosophieaction.com\/#primaryimage\",\"url\":\"https:\/\/philosophieaction.com\/wp-content\/uploads\/2025\/03\/philosophie.jpg\",\"contentUrl\":\"https:\/\/philosophieaction.com\/wp-content\/uploads\/2025\/03\/philosophie.jpg\",\"width\":674,\"height\":455,\"caption\":\"Philosophie of life\"},{\"@type\":\"BreadcrumbList\",\"@id\":\"https:\/\/philosophieaction.com\/#breadcrumb\",\"itemListElement\":[{\"@type\":\"ListItem\",\"position\":1,\"name\":\"Accueil\",\"item\":\"https:\/\/philosophieaction.com\/\"},{\"@type\":\"ListItem\",\"position\":2,\"name\":\"Philosophie de terrain\"}]},{\"@type\":\"WebSite\",\"@id\":\"https:\/\/philosophieaction.com\/#website\",\"url\":\"https:\/\/philosophieaction.com\/\",\"name\":\"Philosophieaction\",\"description\":\"Pour une philosophie incarn\u00e9e par des  passionn\u00e9s !\",\"publisher\":{\"@id\":\"https:\/\/philosophieaction.com\/#organization\"},\"potentialAction\":[{\"@type\":\"SearchAction\",\"target\":{\"@type\":\"EntryPoint\",\"urlTemplate\":\"https:\/\/philosophieaction.com\/?s={search_term_string}\"},\"query-input\":{\"@type\":\"PropertyValueSpecification\",\"valueRequired\":true,\"valueName\":\"search_term_string\"}}],\"inLanguage\":\"fr-FR\"},{\"@type\":\"Organization\",\"@id\":\"https:\/\/philosophieaction.com\/#organization\",\"name\":\"Philosophieaction\",\"url\":\"https:\/\/philosophieaction.com\/\",\"logo\":{\"@type\":\"ImageObject\",\"inLanguage\":\"fr-FR\",\"@id\":\"https:\/\/philosophieaction.com\/#\/schema\/logo\/image\/\",\"url\":\"https:\/\/philosophieaction.com\/wp-content\/uploads\/2025\/03\/philosophie.jpg\",\"contentUrl\":\"https:\/\/philosophieaction.com\/wp-content\/uploads\/2025\/03\/philosophie.jpg\",\"width\":674,\"height\":455,\"caption\":\"Philosophieaction\"},\"image\":{\"@id\":\"https:\/\/philosophieaction.com\/#\/schema\/logo\/image\/\"},\"sameAs\":[\"https:\/\/www.facebook.com\/InstitutCogito\"]}]}<\/script>\n<!-- \/ Yoast SEO plugin. -->","yoast_head_json":{"title":"Philosophie de terrain - Philosophieaction","robots":{"index":"index","follow":"follow","max-snippet":"max-snippet:-1","max-image-preview":"max-image-preview:large","max-video-preview":"max-video-preview:-1"},"canonical":"https:\/\/philosophieaction.com\/","og_locale":"fr_FR","og_type":"article","og_title":"Philosophie de terrain - Philosophieaction","og_description":"\u00ab\u00a0La diffusion des savoirs et la promotion des acteurs de terrain afin d&rsquo;alimenter la curiosit\u00e9 et susciter l\u2019inspiration. Avec un engagement envers les libraires et les associations.\u00a0\u00bb Comment la philosophie donne du sens \u00e0 l&rsquo;\u00e9conomie? Philosophie Citoyennet\u00e9 Methodologie Transmission Traduction Heritage Recherches La philosophie ne se limite pas \u00e0 une discipline &#8211; Comme tant d&rsquo;autres, [&hellip;]","og_url":"https:\/\/philosophieaction.com\/","og_site_name":"Philosophieaction","article_publisher":"https:\/\/www.facebook.com\/InstitutCogito","article_modified_time":"2025-09-17T11:51:09+00:00","og_image":[{"width":674,"height":455,"url":"https:\/\/philosophieaction.com\/wp-content\/uploads\/2025\/03\/philosophie.jpg","type":"image\/jpeg"}],"twitter_card":"summary_large_image","twitter_misc":{"Dur\u00e9e de lecture estim\u00e9e":"1 minute"},"schema":{"@context":"https:\/\/schema.org","@graph":[{"@type":"WebPage","@id":"https:\/\/philosophieaction.com\/","url":"https:\/\/philosophieaction.com\/","name":"Philosophie de terrain - Philosophieaction","isPartOf":{"@id":"https:\/\/philosophieaction.com\/#website"},"primaryImageOfPage":{"@id":"https:\/\/philosophieaction.com\/#primaryimage"},"image":{"@id":"https:\/\/philosophieaction.com\/#primaryimage"},"thumbnailUrl":"https:\/\/philosophieaction.com\/wp-content\/uploads\/2025\/03\/philosophie.jpg","datePublished":"2025-02-28T22:53:05+00:00","dateModified":"2025-09-17T11:51:09+00:00","breadcrumb":{"@id":"https:\/\/philosophieaction.com\/#breadcrumb"},"inLanguage":"fr-FR","potentialAction":[{"@type":"ReadAction","target":["https:\/\/philosophieaction.com\/"]}]},{"@type":"ImageObject","inLanguage":"fr-FR","@id":"https:\/\/philosophieaction.com\/#primaryimage","url":"https:\/\/philosophieaction.com\/wp-content\/uploads\/2025\/03\/philosophie.jpg","contentUrl":"https:\/\/philosophieaction.com\/wp-content\/uploads\/2025\/03\/philosophie.jpg","width":674,"height":455,"caption":"Philosophie of life"},{"@type":"BreadcrumbList","@id":"https:\/\/philosophieaction.com\/#breadcrumb","itemListElement":[{"@type":"ListItem","position":1,"name":"Accueil","item":"https:\/\/philosophieaction.com\/"},{"@type":"ListItem","position":2,"name":"Philosophie de terrain"}]},{"@type":"WebSite","@id":"https:\/\/philosophieaction.com\/#website","url":"https:\/\/philosophieaction.com\/","name":"Philosophieaction","description":"Pour une philosophie incarn\u00e9e par des  passionn\u00e9s !","publisher":{"@id":"https:\/\/philosophieaction.com\/#organization"},"potentialAction":[{"@type":"SearchAction","target":{"@type":"EntryPoint","urlTemplate":"https:\/\/philosophieaction.com\/?s={search_term_string}"},"query-input":{"@type":"PropertyValueSpecification","valueRequired":true,"valueName":"search_term_string"}}],"inLanguage":"fr-FR"},{"@type":"Organization","@id":"https:\/\/philosophieaction.com\/#organization","name":"Philosophieaction","url":"https:\/\/philosophieaction.com\/","logo":{"@type":"ImageObject","inLanguage":"fr-FR","@id":"https:\/\/philosophieaction.com\/#\/schema\/logo\/image\/","url":"https:\/\/philosophieaction.com\/wp-content\/uploads\/2025\/03\/philosophie.jpg","contentUrl":"https:\/\/philosophieaction.com\/wp-content\/uploads\/2025\/03\/philosophie.jpg","width":674,"height":455,"caption":"Philosophieaction"},"image":{"@id":"https:\/\/philosophieaction.com\/#\/schema\/logo\/image\/"},"sameAs":["https:\/\/www.facebook.com\/InstitutCogito"]}]}},"_links":{"self":[{"href":"https:\/\/philosophieaction.com\/index.php?rest_route=\/wp\/v2\/pages\/8","targetHints":{"allow":["GET"]}}],"collection":[{"href":"https:\/\/philosophieaction.com\/index.php?rest_route=\/wp\/v2\/pages"}],"about":[{"href":"https:\/\/philosophieaction.com\/index.php?rest_route=\/wp\/v2\/types\/page"}],"author":[{"embeddable":true,"href":"https:\/\/philosophieaction.com\/index.php?rest_route=\/wp\/v2\/users\/1"}],"replies":[{"embeddable":true,"href":"https:\/\/philosophieaction.com\/index.php?rest_route=%2Fwp%2Fv2%2Fcomments&post=8"}],"version-history":[{"count":24,"href":"https:\/\/philosophieaction.com\/index.php?rest_route=\/wp\/v2\/pages\/8\/revisions"}],"predecessor-version":[{"id":223,"href":"https:\/\/philosophieaction.com\/index.php?rest_route=\/wp\/v2\/pages\/8\/revisions\/223"}],"wp:featuredmedia":[{"embeddable":true,"href":"https:\/\/philosophieaction.com\/index.php?rest_route=\/wp\/v2\/media\/16"}],"wp:attachment":[{"href":"https:\/\/philosophieaction.com\/index.php?rest_route=%2Fwp%2Fv2%2Fmedia&parent=8"}],"curies":[{"name":"wp","href":"https:\/\/api.w.org\/{rel}","templated":true}]}}