{"id":83,"date":"2025-03-07T10:57:15","date_gmt":"2025-03-07T09:57:15","guid":{"rendered":"http:\/\/philosophieaction.com\/?page_id=83"},"modified":"2025-09-18T12:02:48","modified_gmt":"2025-09-18T10:02:48","slug":"evenement","status":"publish","type":"page","link":"https:\/\/philosophieaction.com\/?page_id=83","title":{"rendered":"Recherches"},"content":{"rendered":"\n<div class=\"wp-block-group alignfull has-global-padding is-layout-constrained wp-container-core-group-is-layout-669513ed wp-block-group-is-layout-constrained\" style=\"margin-top:0;margin-bottom:0;padding-top:var(--wp--preset--spacing--50);padding-right:var(--wp--preset--spacing--50);padding-bottom:var(--wp--preset--spacing--50);padding-left:var(--wp--preset--spacing--50)\">\n<p>Le laboratoire de Philosophie Action .<\/p>\n\n\n\n<p><em>Questionnaires, interviews, enqu\u00eates flash, \u00e9tudes  sont les moyens actuels de Philosophie Action pour valoriser les exp\u00e9riences et les comp\u00e9tences des acteurs locaux<\/em>.<\/p>\n\n\n\n<figure class=\"wp-block-image size-full\"><img loading=\"lazy\" decoding=\"async\" width=\"304\" height=\"166\" src=\"http:\/\/philosophieaction.com\/wp-content\/uploads\/2025\/03\/images-1.jpeg\" alt=\"Recherche\" class=\"wp-image-167\" srcset=\"https:\/\/philosophieaction.com\/wp-content\/uploads\/2025\/03\/images-1.jpeg 304w, https:\/\/philosophieaction.com\/wp-content\/uploads\/2025\/03\/images-1-300x164.jpeg 300w\" sizes=\"auto, (max-width: 304px) 100vw, 304px\" \/><figcaption class=\"wp-element-caption\">Recherche Lab&rsquo;s<\/figcaption><\/figure>\n<\/div>\n\n\n\n<div class=\"wp-block-group alignfull has-global-padding is-layout-constrained wp-container-core-group-is-layout-d89aad35 wp-block-group-is-layout-constrained\" style=\"margin-top:0;margin-bottom:0;padding-top:var(--wp--preset--spacing--50);padding-right:var(--wp--preset--spacing--50);padding-bottom:var(--wp--preset--spacing--50);padding-left:var(--wp--preset--spacing--50)\">\n<p><em>&nbsp;&nbsp;<\/em><\/p>\n<\/div>\n\n\n\n<div class=\"wp-block-group alignfull has-accent-background-color has-background has-global-padding is-layout-constrained wp-container-core-group-is-layout-669513ed wp-block-group-is-layout-constrained\" style=\"margin-top:0;margin-bottom:0;padding-top:var(--wp--preset--spacing--50);padding-right:var(--wp--preset--spacing--50);padding-bottom:var(--wp--preset--spacing--50);padding-left:var(--wp--preset--spacing--50)\">\n<div class=\"wp-block-columns alignwide is-layout-flex wp-container-core-columns-is-layout-1da03c2a wp-block-columns-is-layout-flex\">\n<div class=\"wp-block-column is-vertically-aligned-stretch is-layout-flow wp-block-column-is-layout-flow\" style=\"flex-basis:50%\">\n<div class=\"wp-block-group is-vertical is-content-justification-stretch is-layout-flex wp-container-core-group-is-layout-444d5ee8 wp-block-group-is-layout-flex\" style=\"min-height:100%\">\n<blockquote class=\"wp-block-quote is-layout-flow wp-block-quote-is-layout-flow\">\n<p>\u201c<em>E<\/em>n septembre <em>2025, Philosophie Action propose de comprendre les savoirs, comp\u00e9tences et exp\u00e9riences des habitants afin de construire des initiatives locales autour de la solidarit\u00e9, de l\u2019insertion et de l\u2019innovation num\u00e9rique.\u2028<\/em><\/p>\n\n\n\n<p><em>Vos r\u00e9ponses nous permettront de valoriser vos talents et de proposer des actions concr\u00e8tes pour votre commune. \u201c<\/em><\/p>\n<\/blockquote>\n\n\n\n<p class=\"has-text-align-left has-heading-font-family has-x-large-font-size\" style=\"line-height:1.2\"><em>&nbsp;<\/em><\/p>\n\n\n\n<div class=\"wp-block-group has-global-padding is-content-justification-left is-layout-constrained wp-container-core-group-is-layout-9fe8ed88 wp-block-group-is-layout-constrained\">\n<p class=\"wp-container-content-0733e5d0\">Laisser une marque ind\u00e9l\u00e9bile sur le paysage de demain et r\u00e9pondez au questionnaire!<\/p>\n\n\n\n<div class=\"wp-block-buttons is-layout-flex wp-block-buttons-is-layout-flex\">\n<div class=\"wp-block-button\"><a class=\"wp-block-button__link wp-element-button\" href=\"https:\/\/docs.google.com\/forms\/d\/e\/1FAIpQLSfN7KjfzxVbtw9g0HpsdVJo9NhGEOAk9M9JYfdRh-Mhca35NQ\/viewform?usp=headerhe\">J&rsquo;y vais !<\/a><\/div>\n<\/div>\n<\/div>\n<\/div>\n<\/div>\n\n\n\n<div class=\"wp-block-column is-vertically-aligned-center is-layout-flow wp-block-column-is-layout-flow\" style=\"flex-basis:50%\">\n<figure class=\"wp-block-image size-large\"><img loading=\"lazy\" decoding=\"async\" width=\"1024\" height=\"684\" src=\"http:\/\/philosophieaction.com\/wp-content\/uploads\/2025\/09\/pexels-pavel-danilyuk-8438922-5-1024x684.jpg\" alt=\"Enquetes, gestionnaire, h\u00e9ritage culturel et \u00e9ducatif\" class=\"wp-image-217\" srcset=\"https:\/\/philosophieaction.com\/wp-content\/uploads\/2025\/09\/pexels-pavel-danilyuk-8438922-5-1024x684.jpg 1024w, https:\/\/philosophieaction.com\/wp-content\/uploads\/2025\/09\/pexels-pavel-danilyuk-8438922-5-300x200.jpg 300w, https:\/\/philosophieaction.com\/wp-content\/uploads\/2025\/09\/pexels-pavel-danilyuk-8438922-5-768x513.jpg 768w\" sizes=\"auto, (max-width: 1024px) 100vw, 1024px\" \/><figcaption class=\"wp-element-caption\">Philosophie action recherche<\/figcaption><\/figure>\n<\/div>\n<\/div>\n\n\n\n<figure class=\"wp-block-image size-large is-resized\"><a href=\"https:\/\/agathevidal.fr\"><img loading=\"lazy\" decoding=\"async\" width=\"843\" height=\"1024\" src=\"http:\/\/philosophieaction.com\/wp-content\/uploads\/2025\/03\/IMG_4474-843x1024.jpeg\" alt=\"transmission et leadership\" class=\"wp-image-23\" style=\"width:352px;height:auto\" srcset=\"https:\/\/philosophieaction.com\/wp-content\/uploads\/2025\/03\/IMG_4474-843x1024.jpeg 843w, https:\/\/philosophieaction.com\/wp-content\/uploads\/2025\/03\/IMG_4474-247x300.jpeg 247w, https:\/\/philosophieaction.com\/wp-content\/uploads\/2025\/03\/IMG_4474-768x932.jpeg 768w, https:\/\/philosophieaction.com\/wp-content\/uploads\/2025\/03\/IMG_4474.jpeg 1229w\" sizes=\"auto, (max-width: 843px) 100vw, 843px\" \/><\/a><figcaption class=\"wp-element-caption\">Amour et leadership<\/figcaption><\/figure>\n\n\n\n<p><strong>Interviews<\/strong> : Comprendre comment \u00ab\u00a0l\u2019amour\u00a0\u00bb de votre  m\u00e9tier, de votre entreprise (activit\u00e9s )  influence notre soci\u00e9t\u00e9 gr\u00e2ce \u00e0 la  vision, vos d\u00e9cisions et votre succ\u00e8s.<\/p>\n\n\n\n<p>Si cela vous int\u00e9resse, n\u2019h\u00e9sitez pas \u00e0 <a href=\"https:\/\/agathevidal.fr\">envoyer un message<\/a> avec pour titre :<\/p>\n\n\n\n<p> \u00ab\u00a0Diriger avec le coeur : quand l\u2019amour du m\u00e9tier transforme le leadership.\u00a0\u00bb<\/p>\n\n\n\n<div class=\"wp-block-buttons is-layout-flex wp-block-buttons-is-layout-flex\">\n<div class=\"wp-block-button\"><a class=\"wp-block-button__link wp-element-button\" href=\"https:\/\/agathevidal.fr\">J&rsquo;y vais<\/a><\/div>\n<\/div>\n\n\n\n<figure class=\"wp-block-image size-full\"><a href=\"https:\/\/www.facebook.com\/InstitutCogito?locale=fr_FR\"><img alt=\"\" loading=\"lazy\" decoding=\"async\" width=\"776\" height=\"645\" src=\"https:\/\/philosophieaction.com\/wp-content\/uploads\/2025\/09\/IMG_0835.jpeg\" alt=\"\" class=\"wp-image-229\" srcset=\"https:\/\/philosophieaction.com\/wp-content\/uploads\/2025\/09\/IMG_0835.jpeg 776w, https:\/\/philosophieaction.com\/wp-content\/uploads\/2025\/09\/IMG_0835-300x249.jpeg 300w, https:\/\/philosophieaction.com\/wp-content\/uploads\/2025\/09\/IMG_0835-768x638.jpeg 768w\" sizes=\"auto, (max-width: 776px) 100vw, 776px\" \/><\/a><\/figure>\n\n\n\n<p>Votre voix compte ! Engagez-vous et co-cr\u00e9ez l\u2019avenir qui vous ressemble&nbsp;!<\/p>\n\n\n\n<p>Dans le monde num\u00e9rique d\u2019aujourd\u2019hui, l\u2019engagement n\u2019est pas qu\u2019un mot \u00e0 la mode, c\u2019est le c\u0153ur battant de toute communaut\u00e9 prosp\u00e8re.&nbsp;<\/p>\n\n\n\n<p>Chez Philosophie Action nous croyons fermement que nos plus grandes innovations et nos meilleures id\u00e9es naissent de la collaboration et de l\u2019\u00e9change.<\/p>\n\n\n\n<p>Nous sommes convaincus que chaque membre de notre communaut\u00e9 poss\u00e8de une perspective unique et une exp\u00e9rience pr\u00e9cieuse. C\u2019est pourquoi nous vous invitons \u00e0 ne pas rester simple spectateur, mais \u00e0 devenir un acteur cl\u00e9 de notre \u00e9volution.<\/p>\n\n\n\n<p>Votre participation active \u2012 que ce soit par un commentaire, une question, un partage ou une r\u00e9action \u2012 est le carburant qui nous pousse \u00e0 nous am\u00e9liorer, \u00e0 innover et \u00e0 cr\u00e9er des solutions qui r\u00e9pondent r\u00e9ellement \u00e0 vos besoins.<\/p>\n\n\n\n<p>Pourquoi s\u2019engager ?&nbsp;<\/p>\n\n\n\n<p>* Influencez : Vos r\u00e9flexions et votre exp\u00e9rience fa\u00e7onnent la soci\u00e9t\u00e9 de demain<\/p>\n\n\n\n<p>* Apprenez : \u00c9changez avec vos pairs et \u00e9largissez vos connaissances.<\/p>\n\n\n\n<p>&nbsp;* Connectez : D\u00e9veloppez votre r\u00e9seau professionnel au sein d\u2019une communaut\u00e9 dynamique.<\/p>\n\n\n\n<p>* Innovez : Contribuez \u00e0 l\u2019\u00e9mergence de nouvelles id\u00e9es et solutions.<\/p>\n\n\n\n<p>Nous sommes impatients de lire&nbsp;<a href=\"https:\/\/philosophieaction.com\/?page_id=83\">vos r\u00e9flexions<\/a>, de r\u00e9pondre \u00e0 vos questions afin de construire ensemble.&nbsp;<\/p>\n\n\n\n<p>Si vous croyez au pouvoir de l\u2019engagement\u00a0:Quelle est la derni\u00e8re chose qui vous a passionn\u00e9 ou interpell\u00e9 dans votre domaine ?\u00a0<\/p>\n\n\n\n<p>Partagez votre passion afin d\u2019inspirer d\u2019autres personnes !<\/p>\n\n\n\n<p>&nbsp;N\u2019est ce pas&nbsp;finalement, un \u00e9tat d\u2019esprit se traduisant par une posture face \u00e0 tout les d\u00e9fis de notre quotidien?&nbsp;<\/p>\n\n\n\n<div class=\"wp-block-buttons is-layout-flex wp-block-buttons-is-layout-flex\">\n<div class=\"wp-block-button\"><a class=\"wp-block-button__link wp-element-button\">J&rsquo;y vais<\/a><\/div>\n<\/div>\n<\/div>\n\n\n\n<details class=\"wp-block-details is-layout-flow wp-block-details-is-layout-flow\"><summary>\u201c<em>Questionnaires, interviews, enqu\u00eates flash, \u00e9tudes sont les moyens actuels de Philosophie Action pour valoriser les exp\u00e9riences et les comp\u00e9tences des acteurs locaux<\/em>.\u00a0\u00bb<\/summary><\/details>\n\n\n\n<div class=\"wp-block-group has-global-padding is-layout-constrained wp-block-group-is-layout-constrained\">\n<details class=\"wp-block-details is-layout-flow wp-block-details-is-layout-flow\"><summary>Interviews : \u00a0\u00bb Diriger avec le coeur\u00a0\u00bb<\/summary>\n<p><\/p>\n<\/details>\n<\/div>\n","protected":false},"excerpt":{"rendered":"<p>Le laboratoire de Philosophie Action . Questionnaires, interviews, enqu\u00eates flash, \u00e9tudes sont les moyens actuels de Philosophie Action pour valoriser les exp\u00e9riences et les comp\u00e9tences des acteurs locaux. &nbsp;&nbsp; \u201cEn septembre 2025, Philosophie Action propose de comprendre les savoirs, comp\u00e9tences et exp\u00e9riences des habitants afin de construire des initiatives locales autour de la solidarit\u00e9, de [&hellip;]<\/p>\n","protected":false},"author":1,"featured_media":0,"parent":0,"menu_order":0,"comment_status":"closed","ping_status":"closed","template":"","meta":{"_seopress_robots_primary_cat":"","_seopress_titles_title":"","_seopress_titles_desc":"","_seopress_robots_index":"","_monsterinsights_skip_tracking":false,"_monsterinsights_sitenote_active":false,"_monsterinsights_sitenote_note":"","_monsterinsights_sitenote_category":0,"_uf_show_specific_survey":0,"_uf_disable_surveys":false,"footnotes":""},"class_list":["post-83","page","type-page","status-publish","hentry"],"aioseo_notices":[],"yoast_head":"<!-- This site is optimized with the Yoast SEO plugin v26.2 - https:\/\/yoast.com\/wordpress\/plugins\/seo\/ -->\n<title>Recherches - Philosophieaction<\/title>\n<meta name=\"robots\" content=\"index, follow, max-snippet:-1, max-image-preview:large, max-video-preview:-1\" \/>\n<link rel=\"canonical\" href=\"https:\/\/philosophieaction.com\/?page_id=83\" \/>\n<meta property=\"og:locale\" content=\"fr_FR\" \/>\n<meta property=\"og:type\" content=\"article\" \/>\n<meta property=\"og:title\" content=\"Recherches - Philosophieaction\" \/>\n<meta property=\"og:description\" content=\"Le laboratoire de Philosophie Action . Questionnaires, interviews, enqu\u00eates flash, \u00e9tudes sont les moyens actuels de Philosophie Action pour valoriser les exp\u00e9riences et les comp\u00e9tences des acteurs locaux. &nbsp;&nbsp; \u201cEn septembre 2025, Philosophie Action propose de comprendre les savoirs, comp\u00e9tences et exp\u00e9riences des habitants afin de construire des initiatives locales autour de la solidarit\u00e9, de [&hellip;]\" \/>\n<meta property=\"og:url\" content=\"https:\/\/philosophieaction.com\/?page_id=83\" \/>\n<meta property=\"og:site_name\" content=\"Philosophieaction\" \/>\n<meta property=\"article:publisher\" content=\"https:\/\/www.facebook.com\/InstitutCogito\" \/>\n<meta property=\"article:modified_time\" content=\"2025-09-18T10:02:48+00:00\" \/>\n<meta property=\"og:image\" content=\"https:\/\/philosophieaction.com\/wp-content\/uploads\/2025\/03\/images-1.jpeg\" \/>\n\t<meta property=\"og:image:width\" content=\"304\" \/>\n\t<meta property=\"og:image:height\" content=\"166\" \/>\n\t<meta property=\"og:image:type\" content=\"image\/jpeg\" \/>\n<meta name=\"twitter:card\" content=\"summary_large_image\" \/>\n<meta name=\"twitter:label1\" content=\"Dur\u00e9e de lecture estim\u00e9e\" \/>\n\t<meta name=\"twitter:data1\" content=\"2 minutes\" \/>\n<script type=\"application\/ld+json\" class=\"yoast-schema-graph\">{\"@context\":\"https:\/\/schema.org\",\"@graph\":[{\"@type\":\"WebPage\",\"@id\":\"https:\/\/philosophieaction.com\/?page_id=83\",\"url\":\"https:\/\/philosophieaction.com\/?page_id=83\",\"name\":\"Recherches - Philosophieaction\",\"isPartOf\":{\"@id\":\"https:\/\/philosophieaction.com\/#website\"},\"primaryImageOfPage\":{\"@id\":\"https:\/\/philosophieaction.com\/?page_id=83#primaryimage\"},\"image\":{\"@id\":\"https:\/\/philosophieaction.com\/?page_id=83#primaryimage\"},\"thumbnailUrl\":\"http:\/\/philosophieaction.com\/wp-content\/uploads\/2025\/03\/images-1.jpeg\",\"datePublished\":\"2025-03-07T09:57:15+00:00\",\"dateModified\":\"2025-09-18T10:02:48+00:00\",\"breadcrumb\":{\"@id\":\"https:\/\/philosophieaction.com\/?page_id=83#breadcrumb\"},\"inLanguage\":\"fr-FR\",\"potentialAction\":[{\"@type\":\"ReadAction\",\"target\":[\"https:\/\/philosophieaction.com\/?page_id=83\"]}]},{\"@type\":\"ImageObject\",\"inLanguage\":\"fr-FR\",\"@id\":\"https:\/\/philosophieaction.com\/?page_id=83#primaryimage\",\"url\":\"https:\/\/philosophieaction.com\/wp-content\/uploads\/2025\/03\/images-1.jpeg\",\"contentUrl\":\"https:\/\/philosophieaction.com\/wp-content\/uploads\/2025\/03\/images-1.jpeg\",\"width\":304,\"height\":166,\"caption\":\"Recherche Lan's\"},{\"@type\":\"BreadcrumbList\",\"@id\":\"https:\/\/philosophieaction.com\/?page_id=83#breadcrumb\",\"itemListElement\":[{\"@type\":\"ListItem\",\"position\":1,\"name\":\"Accueil\",\"item\":\"https:\/\/philosophieaction.com\/\"},{\"@type\":\"ListItem\",\"position\":2,\"name\":\"Recherches\"}]},{\"@type\":\"WebSite\",\"@id\":\"https:\/\/philosophieaction.com\/#website\",\"url\":\"https:\/\/philosophieaction.com\/\",\"name\":\"Philosophieaction\",\"description\":\"Pour une philosophie incarn\u00e9e par des  passionn\u00e9s !\",\"publisher\":{\"@id\":\"https:\/\/philosophieaction.com\/#organization\"},\"potentialAction\":[{\"@type\":\"SearchAction\",\"target\":{\"@type\":\"EntryPoint\",\"urlTemplate\":\"https:\/\/philosophieaction.com\/?s={search_term_string}\"},\"query-input\":{\"@type\":\"PropertyValueSpecification\",\"valueRequired\":true,\"valueName\":\"search_term_string\"}}],\"inLanguage\":\"fr-FR\"},{\"@type\":\"Organization\",\"@id\":\"https:\/\/philosophieaction.com\/#organization\",\"name\":\"Philosophieaction\",\"url\":\"https:\/\/philosophieaction.com\/\",\"logo\":{\"@type\":\"ImageObject\",\"inLanguage\":\"fr-FR\",\"@id\":\"https:\/\/philosophieaction.com\/#\/schema\/logo\/image\/\",\"url\":\"https:\/\/philosophieaction.com\/wp-content\/uploads\/2025\/03\/philosophie.jpg\",\"contentUrl\":\"https:\/\/philosophieaction.com\/wp-content\/uploads\/2025\/03\/philosophie.jpg\",\"width\":674,\"height\":455,\"caption\":\"Philosophieaction\"},\"image\":{\"@id\":\"https:\/\/philosophieaction.com\/#\/schema\/logo\/image\/\"},\"sameAs\":[\"https:\/\/www.facebook.com\/InstitutCogito\"]}]}<\/script>\n<!-- \/ Yoast SEO plugin. -->","yoast_head_json":{"title":"Recherches - Philosophieaction","robots":{"index":"index","follow":"follow","max-snippet":"max-snippet:-1","max-image-preview":"max-image-preview:large","max-video-preview":"max-video-preview:-1"},"canonical":"https:\/\/philosophieaction.com\/?page_id=83","og_locale":"fr_FR","og_type":"article","og_title":"Recherches - Philosophieaction","og_description":"Le laboratoire de Philosophie Action . Questionnaires, interviews, enqu\u00eates flash, \u00e9tudes sont les moyens actuels de Philosophie Action pour valoriser les exp\u00e9riences et les comp\u00e9tences des acteurs locaux. &nbsp;&nbsp; \u201cEn septembre 2025, Philosophie Action propose de comprendre les savoirs, comp\u00e9tences et exp\u00e9riences des habitants afin de construire des initiatives locales autour de la solidarit\u00e9, de [&hellip;]","og_url":"https:\/\/philosophieaction.com\/?page_id=83","og_site_name":"Philosophieaction","article_publisher":"https:\/\/www.facebook.com\/InstitutCogito","article_modified_time":"2025-09-18T10:02:48+00:00","og_image":[{"width":304,"height":166,"url":"https:\/\/philosophieaction.com\/wp-content\/uploads\/2025\/03\/images-1.jpeg","type":"image\/jpeg"}],"twitter_card":"summary_large_image","twitter_misc":{"Dur\u00e9e de lecture estim\u00e9e":"2 minutes"},"schema":{"@context":"https:\/\/schema.org","@graph":[{"@type":"WebPage","@id":"https:\/\/philosophieaction.com\/?page_id=83","url":"https:\/\/philosophieaction.com\/?page_id=83","name":"Recherches - Philosophieaction","isPartOf":{"@id":"https:\/\/philosophieaction.com\/#website"},"primaryImageOfPage":{"@id":"https:\/\/philosophieaction.com\/?page_id=83#primaryimage"},"image":{"@id":"https:\/\/philosophieaction.com\/?page_id=83#primaryimage"},"thumbnailUrl":"http:\/\/philosophieaction.com\/wp-content\/uploads\/2025\/03\/images-1.jpeg","datePublished":"2025-03-07T09:57:15+00:00","dateModified":"2025-09-18T10:02:48+00:00","breadcrumb":{"@id":"https:\/\/philosophieaction.com\/?page_id=83#breadcrumb"},"inLanguage":"fr-FR","potentialAction":[{"@type":"ReadAction","target":["https:\/\/philosophieaction.com\/?page_id=83"]}]},{"@type":"ImageObject","inLanguage":"fr-FR","@id":"https:\/\/philosophieaction.com\/?page_id=83#primaryimage","url":"https:\/\/philosophieaction.com\/wp-content\/uploads\/2025\/03\/images-1.jpeg","contentUrl":"https:\/\/philosophieaction.com\/wp-content\/uploads\/2025\/03\/images-1.jpeg","width":304,"height":166,"caption":"Recherche Lan's"},{"@type":"BreadcrumbList","@id":"https:\/\/philosophieaction.com\/?page_id=83#breadcrumb","itemListElement":[{"@type":"ListItem","position":1,"name":"Accueil","item":"https:\/\/philosophieaction.com\/"},{"@type":"ListItem","position":2,"name":"Recherches"}]},{"@type":"WebSite","@id":"https:\/\/philosophieaction.com\/#website","url":"https:\/\/philosophieaction.com\/","name":"Philosophieaction","description":"Pour une philosophie incarn\u00e9e par des  passionn\u00e9s !","publisher":{"@id":"https:\/\/philosophieaction.com\/#organization"},"potentialAction":[{"@type":"SearchAction","target":{"@type":"EntryPoint","urlTemplate":"https:\/\/philosophieaction.com\/?s={search_term_string}"},"query-input":{"@type":"PropertyValueSpecification","valueRequired":true,"valueName":"search_term_string"}}],"inLanguage":"fr-FR"},{"@type":"Organization","@id":"https:\/\/philosophieaction.com\/#organization","name":"Philosophieaction","url":"https:\/\/philosophieaction.com\/","logo":{"@type":"ImageObject","inLanguage":"fr-FR","@id":"https:\/\/philosophieaction.com\/#\/schema\/logo\/image\/","url":"https:\/\/philosophieaction.com\/wp-content\/uploads\/2025\/03\/philosophie.jpg","contentUrl":"https:\/\/philosophieaction.com\/wp-content\/uploads\/2025\/03\/philosophie.jpg","width":674,"height":455,"caption":"Philosophieaction"},"image":{"@id":"https:\/\/philosophieaction.com\/#\/schema\/logo\/image\/"},"sameAs":["https:\/\/www.facebook.com\/InstitutCogito"]}]}},"_links":{"self":[{"href":"https:\/\/philosophieaction.com\/index.php?rest_route=\/wp\/v2\/pages\/83","targetHints":{"allow":["GET"]}}],"collection":[{"href":"https:\/\/philosophieaction.com\/index.php?rest_route=\/wp\/v2\/pages"}],"about":[{"href":"https:\/\/philosophieaction.com\/index.php?rest_route=\/wp\/v2\/types\/page"}],"author":[{"embeddable":true,"href":"https:\/\/philosophieaction.com\/index.php?rest_route=\/wp\/v2\/users\/1"}],"replies":[{"embeddable":true,"href":"https:\/\/philosophieaction.com\/index.php?rest_route=%2Fwp%2Fv2%2Fcomments&post=83"}],"version-history":[{"count":16,"href":"https:\/\/philosophieaction.com\/index.php?rest_route=\/wp\/v2\/pages\/83\/revisions"}],"predecessor-version":[{"id":234,"href":"https:\/\/philosophieaction.com\/index.php?rest_route=\/wp\/v2\/pages\/83\/revisions\/234"}],"wp:attachment":[{"href":"https:\/\/philosophieaction.com\/index.php?rest_route=%2Fwp%2Fv2%2Fmedia&parent=83"}],"curies":[{"name":"wp","href":"https:\/\/api.w.org\/{rel}","templated":true}]}}